{"id":26137,"date":"2026-03-17T12:18:48","date_gmt":"2026-03-17T11:18:48","guid":{"rendered":"https:\/\/palmenhaus.de\/helal\/"},"modified":"2026-03-17T15:02:04","modified_gmt":"2026-03-17T14:02:04","slug":"helal","status":"publish","type":"page","link":"https:\/\/palmenhaus.de\/en\/helal\/","title":{"rendered":"Helal | Halal"},"content":{"rendered":"<div class=\"limit-wrapper\"><div class=\"row \"><div class=\"vamtam-grid grid-1-1  vamtam-first-level grid-1-1  first unextended no-extended-padding\" style=\"padding-top:0.05px;padding-bottom:0.05px;\" id=\"vamtam-column-33ae72722916744ef92d97be043d3a7f\" ><h3 style=\"text-align: center;\"><span style=\"color: #d9a545;\">Internationale Gesellschaften zu besonderen Anl\u00e4ssen wie Hochzeit, Geburtstag, Verlobung oder Firmenevent sind bei uns, im Schlosscaf\u00e9 im Palmenhaus im Schlosspark Nymphenburg in M\u00fcnchen,<br \/>\nHerzlich Willkommen! <\/span><\/h3>\n<p style=\"text-align: center;\"><span style=\"color: #808080;\">Men\u00fcabfolgen in halal\/helal oder auch ganz alkoholfreie Events haben bei uns Raum- und wir stehen Ihnen mit unserer Erfahrung und Expertise zur Seite. In unseren R\u00e4umlichkeiten ist es m\u00f6glich, die alkoholisch pr\u00e4sentierten Getr\u00e4nke optisch abzutrennen. Wir freuen uns auf Ihre Anfrage! <\/span><\/p><\/div><\/div><\/div>\n<div class=\"vamtam-blank-space \" style=\"height:30px\"><\/div>\n<div class=\"limit-wrapper\"><div class=\"row \"><div class=\"vamtam-grid grid-1-3  vamtam-first-level grid-1-3  first unextended left-border has-extended-padding\" style=\"padding-top:0.05px;padding-bottom:0.05px;\" id=\"vamtam-column-eb1749bff98c9730ae55c0db3177289b\" ><style>#vamtam-column-eb1749bff98c9730ae55c0db3177289b:before{background-color:#fff;}<\/style><\/div>\n<div class=\"vamtam-grid grid-1-3  vamtam-first-level grid-1-3  unextended left-border has-extended-padding\" style=\"padding-top:0.05px;padding-bottom:0.05px;\" id=\"vamtam-column-467dcaaac83c1e383636c948ab12debc\" ><style>#vamtam-column-467dcaaac83c1e383636c948ab12debc:before{background-color:#fff;}<\/style><div class=\"row \"><div class=\"vamtam-grid grid-1-1  grid-1-1  first unextended no-extended-padding\" style=\"padding-top:0.05px;padding-bottom:0.05px;\" id=\"vamtam-column-eaf43209c4b9d871e2bff57ccf8dfa6c\" >\n<div  data-href=\"https:\/\/palmenhaus.de\/wp-content\/uploads\/2026\/03\/Palmenhaus-HOCHZEIT-IM-PARK-2026-HALAL.pdf\" tabindex=\"1\" data-target=\"_blank\" class=\"linkarea clearfix accent1  background-accent2\">\n\t\t\t\t<div class=\"last\"><h3 style=\"text-align: center;\"><a href=\"https:\/\/palmenhaus.de\/wp-content\/uploads\/2026\/03\/Palmenhaus-HOCHZEIT-IM-PARK-2026-HALAL.pdf\"><span style=\"color: #ffffff;\">Wedding in the Park<br \/>\nHalal<\/span><\/a><\/h3><\/div>\n\t<\/div>\n<\/div><\/div>\n<div class=\"vamtam-blank-space \" style=\"height:30px\"><\/div>\n<div class=\"row \"><div class=\"vamtam-grid grid-1-1  grid-1-1  first unextended no-extended-padding\" style=\"padding-top:0.05px;padding-bottom:0.05px;\" id=\"vamtam-column-c43707248ecfd6fc73d8f4f74d83ba72\" >\n<div  data-href=\"https:\/\/palmenhaus.de\/wp-content\/uploads\/2026\/03\/Palmenhaus-ZUSATZINFORMATIONEN-Hochzeit-2026-1.pdf\" tabindex=\"1\" data-target=\"_blank\" class=\"linkarea clearfix accent1  background-accent2\">\n\t\t\t\t<div class=\"last\"><h3 style=\"text-align: center;\"><a href=\"https:\/\/palmenhaus.de\/wp-content\/uploads\/2026\/03\/Palmenhaus-ZUSATZINFORMATIONEN-Hochzeit-2026.pdf\"><span style=\"color: #ffffff;\">More informations<br \/>\nHalal Wedding<\/span><\/a><\/h3><\/div>\n\t<\/div>\n<\/div><\/div>\n<div class=\"vamtam-blank-space \" style=\"height:30px\"><\/div>\n<div class=\"row \"><div class=\"vamtam-grid grid-1-1  grid-1-1  first unextended no-extended-padding\" style=\"padding-top:0.05px;padding-bottom:0.05px;\" id=\"vamtam-column-6356e22c681d63ae9c6e6e0820c06d06\" >\n<div  data-href=\"https:\/\/palmenhaus.de\/wp-content\/uploads\/2026\/01\/Halal-Zertifikat-1.pdf\" tabindex=\"1\" data-target=\"_self\" class=\"linkarea clearfix accent1  background-accent2\">\n\t\t\t\t<div class=\"last\"><h3 style=\"text-align: center;\"><a href=\"https:\/\/palmenhaus.de\/wp-content\/uploads\/2026\/01\/Halal-Zertifikat-1.pdf\"><span style=\"color: #ffffff;\">Certificate<\/span><\/a><\/h3><\/div>\n\t<\/div>\n<\/div><\/div><\/div>\n<div class=\"vamtam-grid grid-1-3  vamtam-first-level grid-1-3  unextended left-border has-extended-padding\" style=\"padding-top:0.05px;padding-bottom:0.05px;\" id=\"vamtam-column-632235ea81815f03cd9dac2fef43bd49\" ><style>#vamtam-column-632235ea81815f03cd9dac2fef43bd49:before{background-color:#fff;}<\/style><\/div><\/div><\/div>\n<div class=\"vamtam-blank-space \" style=\"height:30px\"><\/div>\n<div class=\"limit-wrapper\"><div class=\"row \"><div class=\"vamtam-grid grid-1-1  vamtam-first-level grid-1-1  first unextended no-extended-padding\" style=\"padding-top:0.05px;padding-bottom:0.05px;\" id=\"vamtam-column-7f0068f2c6fa14c9c77aafba9aacd70d\" ><h4 style=\"text-align: center;\">Please use our booking tool<\/h4><\/div><\/div><\/div>\n<div class=\"limit-wrapper\"><div class=\"row \"><div class=\"vamtam-grid grid-1-1  vamtam-first-level grid-1-1  first unextended no-extended-padding\" style=\"padding-top:0.05px;padding-bottom:0.05px;\" id=\"vamtam-column-601a22d878e682a3798bdeaa28c21acd\" ><div id=\"WidgetRequest_128\" style=\"min-height: 24rem;\"><noscript><b><font color=\"red\">Hier sollten Sie unsere Reservierung sehen!<\/font><\/b><br \/>\nBitte aktivieren Sie JavaScript in Ihrem Browser, um bei uns zu reservieren.<\/noscript><\/div>\n<p><script>\nwindow.logbyte.gateway({\n  widget: 'WidgetRequest',\n  src: document.getElementById('WidgetRequest_128'),\n  authToken: 'JkYiLe_644oN0-dFAHNgXHgMpDDoyhqWV5RPgeaN9AYawoAkS9myYeYmzyx3oAA-',\n});\n<\/script><\/p><\/div><\/div><\/div>\n<div class=\"limit-wrapper\"><div class=\"row \"><div class=\"vamtam-grid grid-1-1  vamtam-first-level grid-1-1  first unextended no-extended-padding\" style=\"padding-top:0.05px;padding-bottom:0.05px;\" id=\"vamtam-column-fbb11aeccedc8af2a8def295ec7c45ae\" ><h4 style=\"text-align: center;\"><span style=\"color: #d9a545;\">Please note that we will gladly accommodate your preferred appointment time. After filling out the form below, please send us a brief email to let us know your preferred time.<\/span><\/h4><\/div><\/div><\/div>\n<div class=\"limit-wrapper\"><div class=\"row \"><div class=\"vamtam-grid grid-1-1  vamtam-first-level grid-1-1  first unextended no-extended-padding\" style=\"padding-top:0.05px;padding-bottom:0.05px;\" id=\"vamtam-column-1c20c1c064d56e498eea1c6fdc2f12d6\" ><p style=\"text-align: center;\">Please call us<\/p>\n<h3 style=\"text-align: center;\"><span style=\"color: #d9a545;\">(089) 17 53 09<\/span><\/h3>\n<p style=\"text-align: center;\">or write us an Email:<\/p>\n<h3 style=\"text-align: center;\"><span style=\"color: #d9a545;\">info@palmenhaus.de<\/span><\/h3><\/div><\/div><\/div>\n<div class=\"vamtam-blank-space \" style=\"height:80px\"><\/div>\n","protected":false},"excerpt":{"rendered":"<p>Internationale Gesellschaften zu besonderen Anl\u00e4ssen wie Hochzeit, Geburtstag, Verlobung oder Firmenevent sind bei uns, im Schlosscaf\u00e9 im Palmenhaus im Schlosspark Nymphenburg in M\u00fcnchen, Herzlich Willkommen! Men\u00fcabfolgen in halal\/helal oder auch ganz alkoholfreie Events haben bei uns Raum- und wir stehen&#8230;<\/p>\n","protected":false},"author":2,"featured_media":0,"parent":0,"menu_order":74,"comment_status":"closed","ping_status":"closed","template":"","meta":{"footnotes":""},"class_list":["post-26137","page","type-page","status-publish","hentry"],"yoast_head":"<!-- This site is optimized with the Yoast SEO plugin v26.7 - https:\/\/yoast.com\/wordpress\/plugins\/seo\/ -->\n<title>Invite your guests to your halal celebration.<\/title>\n<meta name=\"description\" content=\"Invite your guests to a halal celebration. Our location is surrounded by nature and boasts a regal ambiance.\" \/>\n<meta name=\"robots\" content=\"index, follow, max-snippet:-1, max-image-preview:large, max-video-preview:-1\" \/>\n<link rel=\"canonical\" href=\"https:\/\/palmenhaus.de\/en\/helal\/\" \/>\n<meta property=\"og:locale\" content=\"en_US\" \/>\n<meta property=\"og:type\" content=\"article\" \/>\n<meta property=\"og:title\" content=\"Invite your guests to your halal celebration.\" \/>\n<meta property=\"og:description\" content=\"Invite your guests to a halal celebration. Our location is surrounded by nature and boasts a regal ambiance.\" \/>\n<meta property=\"og:url\" content=\"https:\/\/palmenhaus.de\/en\/helal\/\" \/>\n<meta property=\"og:site_name\" content=\"Palmenhaus\" \/>\n<meta property=\"article:publisher\" content=\"https:\/\/www.facebook.com\/SchlosscafePalmenhaus\" \/>\n<meta property=\"article:modified_time\" content=\"2026-03-17T14:02:04+00:00\" \/>\n<meta name=\"twitter:card\" content=\"summary_large_image\" \/>\n<meta name=\"twitter:label1\" content=\"Est. reading time\" \/>\n\t<meta name=\"twitter:data1\" content=\"2 minutes\" \/>\n<script type=\"application\/ld+json\" class=\"yoast-schema-graph\">{\"@context\":\"https:\/\/schema.org\",\"@graph\":[{\"@type\":\"WebPage\",\"@id\":\"https:\/\/palmenhaus.de\/en\/helal\/\",\"url\":\"https:\/\/palmenhaus.de\/en\/helal\/\",\"name\":\"Invite your guests to your halal celebration.\",\"isPartOf\":{\"@id\":\"https:\/\/palmenhaus.de\/#website\"},\"datePublished\":\"2026-03-17T11:18:48+00:00\",\"dateModified\":\"2026-03-17T14:02:04+00:00\",\"description\":\"Invite your guests to a halal celebration. Our location is surrounded by nature and boasts a regal ambiance.\",\"breadcrumb\":{\"@id\":\"https:\/\/palmenhaus.de\/en\/helal\/#breadcrumb\"},\"inLanguage\":\"en-US\",\"potentialAction\":[{\"@type\":\"ReadAction\",\"target\":[\"https:\/\/palmenhaus.de\/en\/helal\/\"]}]},{\"@type\":\"BreadcrumbList\",\"@id\":\"https:\/\/palmenhaus.de\/en\/helal\/#breadcrumb\",\"itemListElement\":[{\"@type\":\"ListItem\",\"position\":1,\"name\":\"Startseite\",\"item\":\"https:\/\/palmenhaus.de\/en\/\"},{\"@type\":\"ListItem\",\"position\":2,\"name\":\"Helal | Halal\"}]},{\"@type\":\"WebSite\",\"@id\":\"https:\/\/palmenhaus.de\/#website\",\"url\":\"https:\/\/palmenhaus.de\/\",\"name\":\"SCHLOSSCAFE IM PALMENHAUS\",\"description\":\"\",\"publisher\":{\"@id\":\"https:\/\/palmenhaus.de\/#organization\"},\"potentialAction\":[{\"@type\":\"SearchAction\",\"target\":{\"@type\":\"EntryPoint\",\"urlTemplate\":\"https:\/\/palmenhaus.de\/?s={search_term_string}\"},\"query-input\":{\"@type\":\"PropertyValueSpecification\",\"valueRequired\":true,\"valueName\":\"search_term_string\"}}],\"inLanguage\":\"en-US\"},{\"@type\":\"Organization\",\"@id\":\"https:\/\/palmenhaus.de\/#organization\",\"name\":\"SCHLOSSCAFE IM PALMENHAUS\",\"url\":\"https:\/\/palmenhaus.de\/\",\"logo\":{\"@type\":\"ImageObject\",\"inLanguage\":\"en-US\",\"@id\":\"https:\/\/palmenhaus.de\/#\/schema\/logo\/image\/\",\"url\":\"https:\/\/palmenhaus.de\/wp-content\/uploads\/2021\/10\/Zeichenfla\u0308che-3.png\",\"contentUrl\":\"https:\/\/palmenhaus.de\/wp-content\/uploads\/2021\/10\/Zeichenfla\u0308che-3.png\",\"width\":375,\"height\":311,\"caption\":\"SCHLOSSCAFE IM PALMENHAUS\"},\"image\":{\"@id\":\"https:\/\/palmenhaus.de\/#\/schema\/logo\/image\/\"},\"sameAs\":[\"https:\/\/www.facebook.com\/SchlosscafePalmenhaus\",\"https:\/\/www.instagram.com\/schlosscafeimpalmenhaus\/\",\"https:\/\/www.pinterest.de\/schlosscafeimpalmenhaus\/\"]}]}<\/script>\n<!-- \/ Yoast SEO plugin. -->","yoast_head_json":{"title":"Invite your guests to your halal celebration.","description":"Invite your guests to a halal celebration. Our location is surrounded by nature and boasts a regal ambiance.","robots":{"index":"index","follow":"follow","max-snippet":"max-snippet:-1","max-image-preview":"max-image-preview:large","max-video-preview":"max-video-preview:-1"},"canonical":"https:\/\/palmenhaus.de\/en\/helal\/","og_locale":"en_US","og_type":"article","og_title":"Invite your guests to your halal celebration.","og_description":"Invite your guests to a halal celebration. Our location is surrounded by nature and boasts a regal ambiance.","og_url":"https:\/\/palmenhaus.de\/en\/helal\/","og_site_name":"Palmenhaus","article_publisher":"https:\/\/www.facebook.com\/SchlosscafePalmenhaus","article_modified_time":"2026-03-17T14:02:04+00:00","twitter_card":"summary_large_image","twitter_misc":{"Est. reading time":"2 minutes"},"schema":{"@context":"https:\/\/schema.org","@graph":[{"@type":"WebPage","@id":"https:\/\/palmenhaus.de\/en\/helal\/","url":"https:\/\/palmenhaus.de\/en\/helal\/","name":"Invite your guests to your halal celebration.","isPartOf":{"@id":"https:\/\/palmenhaus.de\/#website"},"datePublished":"2026-03-17T11:18:48+00:00","dateModified":"2026-03-17T14:02:04+00:00","description":"Invite your guests to a halal celebration. Our location is surrounded by nature and boasts a regal ambiance.","breadcrumb":{"@id":"https:\/\/palmenhaus.de\/en\/helal\/#breadcrumb"},"inLanguage":"en-US","potentialAction":[{"@type":"ReadAction","target":["https:\/\/palmenhaus.de\/en\/helal\/"]}]},{"@type":"BreadcrumbList","@id":"https:\/\/palmenhaus.de\/en\/helal\/#breadcrumb","itemListElement":[{"@type":"ListItem","position":1,"name":"Startseite","item":"https:\/\/palmenhaus.de\/en\/"},{"@type":"ListItem","position":2,"name":"Helal | Halal"}]},{"@type":"WebSite","@id":"https:\/\/palmenhaus.de\/#website","url":"https:\/\/palmenhaus.de\/","name":"SCHLOSSCAFE IM PALMENHAUS","description":"","publisher":{"@id":"https:\/\/palmenhaus.de\/#organization"},"potentialAction":[{"@type":"SearchAction","target":{"@type":"EntryPoint","urlTemplate":"https:\/\/palmenhaus.de\/?s={search_term_string}"},"query-input":{"@type":"PropertyValueSpecification","valueRequired":true,"valueName":"search_term_string"}}],"inLanguage":"en-US"},{"@type":"Organization","@id":"https:\/\/palmenhaus.de\/#organization","name":"SCHLOSSCAFE IM PALMENHAUS","url":"https:\/\/palmenhaus.de\/","logo":{"@type":"ImageObject","inLanguage":"en-US","@id":"https:\/\/palmenhaus.de\/#\/schema\/logo\/image\/","url":"https:\/\/palmenhaus.de\/wp-content\/uploads\/2021\/10\/Zeichenfla\u0308che-3.png","contentUrl":"https:\/\/palmenhaus.de\/wp-content\/uploads\/2021\/10\/Zeichenfla\u0308che-3.png","width":375,"height":311,"caption":"SCHLOSSCAFE IM PALMENHAUS"},"image":{"@id":"https:\/\/palmenhaus.de\/#\/schema\/logo\/image\/"},"sameAs":["https:\/\/www.facebook.com\/SchlosscafePalmenhaus","https:\/\/www.instagram.com\/schlosscafeimpalmenhaus\/","https:\/\/www.pinterest.de\/schlosscafeimpalmenhaus\/"]}]}},"_links":{"self":[{"href":"https:\/\/palmenhaus.de\/en\/wp-json\/wp\/v2\/pages\/26137","targetHints":{"allow":["GET"]}}],"collection":[{"href":"https:\/\/palmenhaus.de\/en\/wp-json\/wp\/v2\/pages"}],"about":[{"href":"https:\/\/palmenhaus.de\/en\/wp-json\/wp\/v2\/types\/page"}],"author":[{"embeddable":true,"href":"https:\/\/palmenhaus.de\/en\/wp-json\/wp\/v2\/users\/2"}],"replies":[{"embeddable":true,"href":"https:\/\/palmenhaus.de\/en\/wp-json\/wp\/v2\/comments?post=26137"}],"version-history":[{"count":5,"href":"https:\/\/palmenhaus.de\/en\/wp-json\/wp\/v2\/pages\/26137\/revisions"}],"predecessor-version":[{"id":26142,"href":"https:\/\/palmenhaus.de\/en\/wp-json\/wp\/v2\/pages\/26137\/revisions\/26142"}],"wp:attachment":[{"href":"https:\/\/palmenhaus.de\/en\/wp-json\/wp\/v2\/media?parent=26137"}],"curies":[{"name":"wp","href":"https:\/\/api.w.org\/{rel}","templated":true}]}}