{"id":24230,"date":"2025-03-01T10:40:26","date_gmt":"2025-03-01T09:40:26","guid":{"rendered":"https:\/\/palmenhaus.de\/?page_id=24230"},"modified":"2025-03-01T10:44:58","modified_gmt":"2025-03-01T09:44:58","slug":"extras","status":"publish","type":"page","link":"https:\/\/palmenhaus.de\/en\/extras\/","title":{"rendered":"Extras"},"content":{"rendered":"<div class=\"limit-wrapper\"><div class=\"row \"><div class=\"vamtam-grid grid-1-1  vamtam-first-level grid-1-1  first unextended no-extended-padding\" style=\"padding-top:0.05px;padding-bottom:0.05px;\" id=\"vamtam-column-876d260f2ee9426934cc9d95b7d850ee\" ><h3 style=\"text-align: center;\"><span style=\"color: #d9a545;\">Our extras for your perfect event.<\/span><\/h3>\n<p style=\"text-align: center;\"><span style=\"color: #808080;\">Whether technology, decoration, hotels or individual wishes \u2013<br \/>\nwe offer you the right equipment and support,<br \/>\nso that your event is a complete success.<\/span><\/p><\/div><\/div><\/div>\n<div class=\"vamtam-blank-space \" style=\"height:30px\"><\/div>\n<div class=\"limit-wrapper\"><div class=\"row \"><div class=\"vamtam-grid grid-1-3  vamtam-first-level grid-1-3  first unextended left-border has-extended-padding\" style=\"padding-top:0.05px;padding-bottom:0.05px;\" id=\"vamtam-column-a27c9c9f688a28ba37bd5246fca58c60\" ><style>#vamtam-column-a27c9c9f688a28ba37bd5246fca58c60:before{background-color:#fff;}<\/style><\/div>\n<div class=\"vamtam-grid grid-1-3  vamtam-first-level grid-1-3  unextended left-border has-extended-padding\" style=\"padding-top:0.05px;padding-bottom:0.05px;\" id=\"vamtam-column-9208c42eefd5e55c27afe704ac02be45\" ><style>#vamtam-column-9208c42eefd5e55c27afe704ac02be45:before{background-color:#fff;}<\/style><div class=\"row \"><div class=\"vamtam-grid grid-1-1  grid-1-1  first unextended no-extended-padding\" style=\"padding-top:0.05px;padding-bottom:0.05px;\" id=\"vamtam-column-2588678758ac72d751d84145d4b4b23a\" >\n<div  data-href=\"https:\/\/palmenhaus.de\/wp-content\/uploads\/2025\/01\/Palmenhaus-LONGDRINKS-COCKTAILS.pdf\" tabindex=\"1\" data-target=\"_self\" class=\"linkarea clearfix accent1  background-accent2\">\n\t\t\t\t<div class=\"last\"><h3 style=\"text-align: center;\"><a href=\"https:\/\/palmenhaus.de\/wp-content\/uploads\/2025\/01\/Palmenhaus-GRILLEN-IM-PARK-2025.pdf\"><span style=\"color: #ffffff;\">Longdrinks<\/span><\/a><\/h3><\/div>\n\t<\/div>\n<\/div><\/div>\n<div class=\"vamtam-blank-space \" style=\"height:30px\"><\/div>\n<div class=\"row \"><div class=\"vamtam-grid grid-1-1  grid-1-1  first unextended no-extended-padding\" style=\"padding-top:0.05px;padding-bottom:0.05px;\" id=\"vamtam-column-4a595ac561ed1278ed93e3a8c8b6ae7d\" >\n<div  data-href=\"https:\/\/palmenhaus.de\/wp-content\/uploads\/2025\/01\/Palmenhaus-SETTING.pdf\" tabindex=\"1\" data-target=\"_self\" class=\"linkarea clearfix accent1  background-accent2\">\n\t\t\t\t<div class=\"last\"><h3 style=\"text-align: center;\"><a href=\"https:\/\/palmenhaus.de\/wp-content\/uploads\/2025\/01\/Palmenhaus-SETTING.pdf\"><span style=\"color: #ffffff;\">Setting<\/span><\/a><\/h3><\/div>\n\t<\/div>\n<\/div><\/div>\n<div class=\"vamtam-blank-space \" style=\"height:30px\"><\/div>\n<div class=\"row \"><div class=\"vamtam-grid grid-1-1  grid-1-1  first unextended no-extended-padding\" style=\"padding-top:0.05px;padding-bottom:0.05px;\" id=\"vamtam-column-52fa37dee3734a30dac918c3e7af1594\" >\n<div  data-href=\"https:\/\/palmenhaus.de\/wp-content\/uploads\/2025\/01\/Palmenhaus-TONANLAGE-Datenblatt.pdf\" tabindex=\"1\" data-target=\"_self\" class=\"linkarea clearfix accent1  background-accent2\">\n\t\t\t\t<div class=\"last\"><h3 style=\"text-align: center;\"><a href=\"https:\/\/palmenhaus.de\/wp-content\/uploads\/2025\/01\/Palmenhaus-TONANLAGE-Datenblatt.pdf\"><span style=\"color: #ffffff;\">Technik<\/span><\/a><\/h3><\/div>\n\t<\/div>\n<\/div><\/div>\n<div class=\"vamtam-blank-space \" style=\"height:30px\"><\/div>\n<div class=\"row \"><div class=\"vamtam-grid grid-1-1  grid-1-1  first unextended no-extended-padding\" style=\"padding-top:0.05px;padding-bottom:0.05px;\" id=\"vamtam-column-b7ed928e129f09b80a39f301bcbbe556\" >\n<div  data-href=\"https:\/\/palmenhaus.de\/wp-content\/uploads\/2025\/01\/Palmenhaus-GREEN-GUIDE.pdf\" tabindex=\"1\" data-target=\"_self\" class=\"linkarea clearfix accent1  background-accent2\">\n\t\t\t\t<div class=\"last\"><h3 style=\"text-align: center;\"><a href=\"https:\/\/palmenhaus.de\/wp-content\/uploads\/2025\/01\/Palmenhaus-GREEN-GUIDE.pdf\"><span style=\"color: #ffffff;\">Greenguide<\/span><\/a><\/h3><\/div>\n\t<\/div>\n<\/div><\/div>\n<div class=\"vamtam-blank-space \" style=\"height:30px\"><\/div>\n<div class=\"row \"><div class=\"vamtam-grid grid-1-1  grid-1-1  first unextended no-extended-padding\" style=\"padding-top:0.05px;padding-bottom:0.05px;\" id=\"vamtam-column-2da8735bed26e3962cdff696c6a107fa\" >\n<div  data-href=\"https:\/\/palmenhaus.de\/wp-content\/uploads\/2025\/01\/Palmenhaus-ENTERTAINMENT-MORE.pdf\" tabindex=\"1\" data-target=\"_self\" class=\"linkarea clearfix accent1  background-accent2\">\n\t\t\t\t<div class=\"last\"><h3 style=\"text-align: center;\"><a href=\"https:\/\/palmenhaus.de\/wp-content\/uploads\/2025\/01\/Palmenhaus-ENTERTAINMENT-MORE.pdf\"><span style=\"color: #ffffff;\">Dienstleister<\/span><\/a><\/h3><\/div>\n\t<\/div>\n<\/div><\/div>\n<div class=\"vamtam-blank-space \" style=\"height:30px\"><\/div>\n<div class=\"row \"><div class=\"vamtam-grid grid-1-1  grid-1-1  first unextended no-extended-padding\" style=\"padding-top:0.05px;padding-bottom:0.05px;\" id=\"vamtam-column-ab8d62a9451c41eb97e9115f0f701c6f\" >\n<div  data-href=\"https:\/\/palmenhaus.de\/wp-content\/uploads\/2025\/01\/Palmenhaus-RAUMPLAN.pdf\" tabindex=\"1\" data-target=\"_self\" class=\"linkarea clearfix accent1  background-accent2\">\n\t\t\t\t<div class=\"last\"><h3 style=\"text-align: center;\"><a href=\"https:\/\/palmenhaus.de\/wp-content\/uploads\/2025\/01\/Palmenhaus-RAUMPLAN.pdf\"><span style=\"color: #ffffff;\">Raumplan<\/span><\/a><\/h3><\/div>\n\t<\/div>\n<\/div><\/div>\n<div class=\"vamtam-blank-space \" style=\"height:30px\"><\/div>\n<div class=\"row \"><div class=\"vamtam-grid grid-1-1  grid-1-1  first unextended no-extended-padding\" style=\"padding-top:0.05px;padding-bottom:0.05px;\" id=\"vamtam-column-c76e04ba395805f340c51431296631aa\" >\n<div  data-href=\"https:\/\/palmenhaus.de\/wp-content\/uploads\/2025\/01\/Palmenhaus-SWEET-COLLECTION.pdf\" tabindex=\"1\" data-target=\"_self\" class=\"linkarea clearfix accent1  background-accent2\">\n\t\t\t\t<div class=\"last\"><h3 style=\"text-align: center;\"><a href=\"https:\/\/palmenhaus.de\/wp-content\/uploads\/2025\/01\/Palmenhaus-SWEET-COLLECTION.pdf\"><span style=\"color: #ffffff;\">Sweetcollection<\/span><\/a><\/h3><\/div>\n\t<\/div>\n<\/div><\/div>\n<div class=\"vamtam-blank-space \" style=\"height:30px\"><\/div>\n<div class=\"row \"><div class=\"vamtam-grid grid-1-1  grid-1-1  first unextended no-extended-padding\" style=\"padding-top:0.05px;padding-bottom:0.05px;\" id=\"vamtam-column-6d32c47d3ba8cebf37aea7c50288aa83\" >\n<div  data-href=\"https:\/\/palmenhaus.de\/wp-content\/uploads\/2025\/01\/Palmenhaus-WEGEHELFER.pdf\" tabindex=\"1\" data-target=\"_self\" class=\"linkarea clearfix accent1  background-accent2\">\n\t\t\t\t<div class=\"last\"><h3 style=\"text-align: center;\"><a href=\"https:\/\/palmenhaus.de\/wp-content\/uploads\/2025\/01\/Palmenhaus-WEGEHELFER.pdf\"><span style=\"color: #ffffff;\">Wegehelfer<\/span><\/a><\/h3><\/div>\n\t<\/div>\n<\/div><\/div>\n<div class=\"vamtam-blank-space \" style=\"height:30px\"><\/div>\n<div class=\"row \"><div class=\"vamtam-grid grid-1-1  grid-1-1  first unextended no-extended-padding\" style=\"padding-top:0.05px;padding-bottom:0.05px;\" id=\"vamtam-column-da6996cf8d113813c0910d4f244c03d0\" >\n<div  data-href=\"https:\/\/palmenhaus.de\/wp-content\/uploads\/2025\/01\/Palmenhaus-HOTELS-Umgebung.pdf\" tabindex=\"1\" data-target=\"_self\" class=\"linkarea clearfix accent1  background-accent2\">\n\t\t\t\t<div class=\"last\"><h3 style=\"text-align: center;\"><a href=\"https:\/\/palmenhaus.de\/wp-content\/uploads\/2025\/01\/Palmenhaus-WEGEHELFER.pdf\"><span style=\"color: #ffffff;\">Hotels<\/span><\/a><\/h3><\/div>\n\t<\/div>\n<\/div><\/div><\/div>\n<div class=\"vamtam-grid grid-1-3  vamtam-first-level grid-1-3  unextended left-border has-extended-padding\" style=\"padding-top:0.05px;padding-bottom:0.05px;\" id=\"vamtam-column-357af9fce8e07adf1ceb1606687eafda\" ><style>#vamtam-column-357af9fce8e07adf1ceb1606687eafda:before{background-color:#fff;}<\/style><\/div><\/div><\/div>\n<div class=\"vamtam-blank-space \" style=\"height:30px\"><\/div>\n<div class=\"limit-wrapper\"><div class=\"row \"><div class=\"vamtam-grid grid-1-1  vamtam-first-level grid-1-1  first unextended no-extended-padding\" style=\"padding-top:0.05px;padding-bottom:0.05px;\" id=\"vamtam-column-2ab25bdf3cb2a5f78ea074b9d4ea858a\" ><h4 style=\"text-align: center;\">Use our general inquiry tool<\/h4><\/div><\/div><\/div>\n<div class=\"limit-wrapper\"><div class=\"row \"><div class=\"vamtam-grid grid-1-1  vamtam-first-level grid-1-1  first unextended no-extended-padding\" style=\"padding-top:0.05px;padding-bottom:0.05px;\" id=\"vamtam-column-51121144b33da6d76cf871625c6e7a8e\" ><div id=\"WidgetRequest_128\" style=\"min-height: 24rem;\"><noscript><b><font color=\"red\">Hier sollten Sie unsere Reservierung sehen!<\/font><\/b><br \/>\nBitte aktivieren Sie JavaScript in Ihrem Browser, um bei uns zu reservieren.<\/noscript><\/div>\n<p><script>\nwindow.logbyte.gateway({\n  widget: 'WidgetRequest',\n  src: document.getElementById('WidgetRequest_128'),\n  authToken: 'JkYiLe_644oN0-dFAHNgXHgMpDDoyhqWV5RPgeaN9AYawoAkS9myYeYmzyx3oAA-',\n});\n<\/script><\/p><\/div><\/div><\/div>\n<div class=\"limit-wrapper\"><div class=\"row \"><div class=\"vamtam-grid grid-1-1  vamtam-first-level grid-1-1  first unextended no-extended-padding\" style=\"padding-top:0.05px;padding-bottom:0.05px;\" id=\"vamtam-column-c740f36ccd7a81cb47fd3f12629020e1\" ><h4 style=\"text-align: center;\"><span style=\"color: #d9a545;\">Please note that your individual time request will be taken into account. Please send us a short email after filling out the form below.<\/span><\/h4><\/div><\/div><\/div>\n<div class=\"limit-wrapper\"><div class=\"row \"><div class=\"vamtam-grid grid-1-1  vamtam-first-level grid-1-1  first unextended no-extended-padding\" style=\"padding-top:0.05px;padding-bottom:0.05px;\" id=\"vamtam-column-bd7bf88ec585a4d4c34dfc10e060efac\" ><p style=\"text-align: center;\">Call us now<\/p>\n<h3 style=\"text-align: center;\"><span style=\"color: #d9a545;\">(089) 17 53 09<\/span><\/h3>\n<p style=\"text-align: center;\">or contact us by email:<\/p>\n<h3 style=\"text-align: center;\"><span style=\"color: #d9a545;\">info@palmenhaus.de<\/span><\/h3><\/div><\/div><\/div>\n<div class=\"vamtam-blank-space \" style=\"height:80px\"><\/div>\n","protected":false},"excerpt":{"rendered":"<p>Our extras for your perfect event. Whether technology, decoration, hotels or individual wishes \u2013 we offer you the right equipment and support, so that your event is a complete success. Use our general inquiry tool Hier sollten Sie unsere Reservierung&#8230;<\/p>\n","protected":false},"author":2,"featured_media":0,"parent":0,"menu_order":74,"comment_status":"closed","ping_status":"open","template":"","meta":{"footnotes":""},"class_list":["post-24230","page","type-page","status-publish","hentry"],"yoast_head":"<!-- This site is optimized with the Yoast SEO plugin v26.7 - https:\/\/yoast.com\/wordpress\/plugins\/seo\/ -->\n<title>Laden Sie Ihre G\u00e4ste zum Royal BBQ ein.<\/title>\n<meta name=\"description\" content=\"Laden Sie Ihre G\u00e4ste zu einem Royal BBQ ein. Unsere Location ist umgeben von Natur, k\u00f6niglichem Ambiente\" \/>\n<meta name=\"robots\" content=\"index, follow, max-snippet:-1, max-image-preview:large, max-video-preview:-1\" \/>\n<link rel=\"canonical\" href=\"https:\/\/palmenhaus.de\/en\/extras\/\" \/>\n<meta property=\"og:locale\" content=\"en_US\" \/>\n<meta property=\"og:type\" content=\"article\" \/>\n<meta property=\"og:title\" content=\"Laden Sie Ihre G\u00e4ste zum Royal BBQ ein.\" \/>\n<meta property=\"og:description\" content=\"Laden Sie Ihre G\u00e4ste zu einem Royal BBQ ein. Unsere Location ist umgeben von Natur, k\u00f6niglichem Ambiente\" \/>\n<meta property=\"og:url\" content=\"https:\/\/palmenhaus.de\/en\/extras\/\" \/>\n<meta property=\"og:site_name\" content=\"Palmenhaus\" \/>\n<meta property=\"article:publisher\" content=\"https:\/\/www.facebook.com\/SchlosscafePalmenhaus\" \/>\n<meta property=\"article:modified_time\" content=\"2025-03-01T09:44:58+00:00\" \/>\n<meta name=\"twitter:card\" content=\"summary_large_image\" \/>\n<meta name=\"twitter:label1\" content=\"Est. reading time\" \/>\n\t<meta name=\"twitter:data1\" content=\"3 minutes\" \/>\n<script type=\"application\/ld+json\" class=\"yoast-schema-graph\">{\"@context\":\"https:\/\/schema.org\",\"@graph\":[{\"@type\":\"WebPage\",\"@id\":\"https:\/\/palmenhaus.de\/en\/extras\/\",\"url\":\"https:\/\/palmenhaus.de\/en\/extras\/\",\"name\":\"Laden Sie Ihre G\u00e4ste zum Royal BBQ ein.\",\"isPartOf\":{\"@id\":\"https:\/\/palmenhaus.de\/#website\"},\"datePublished\":\"2025-03-01T09:40:26+00:00\",\"dateModified\":\"2025-03-01T09:44:58+00:00\",\"description\":\"Laden Sie Ihre G\u00e4ste zu einem Royal BBQ ein. Unsere Location ist umgeben von Natur, k\u00f6niglichem Ambiente\",\"breadcrumb\":{\"@id\":\"https:\/\/palmenhaus.de\/en\/extras\/#breadcrumb\"},\"inLanguage\":\"en-US\",\"potentialAction\":[{\"@type\":\"ReadAction\",\"target\":[\"https:\/\/palmenhaus.de\/en\/extras\/\"]}]},{\"@type\":\"BreadcrumbList\",\"@id\":\"https:\/\/palmenhaus.de\/en\/extras\/#breadcrumb\",\"itemListElement\":[{\"@type\":\"ListItem\",\"position\":1,\"name\":\"Startseite\",\"item\":\"https:\/\/palmenhaus.de\/en\/\"},{\"@type\":\"ListItem\",\"position\":2,\"name\":\"Extras\"}]},{\"@type\":\"WebSite\",\"@id\":\"https:\/\/palmenhaus.de\/#website\",\"url\":\"https:\/\/palmenhaus.de\/\",\"name\":\"SCHLOSSCAFE IM PALMENHAUS\",\"description\":\"\",\"publisher\":{\"@id\":\"https:\/\/palmenhaus.de\/#organization\"},\"potentialAction\":[{\"@type\":\"SearchAction\",\"target\":{\"@type\":\"EntryPoint\",\"urlTemplate\":\"https:\/\/palmenhaus.de\/?s={search_term_string}\"},\"query-input\":{\"@type\":\"PropertyValueSpecification\",\"valueRequired\":true,\"valueName\":\"search_term_string\"}}],\"inLanguage\":\"en-US\"},{\"@type\":\"Organization\",\"@id\":\"https:\/\/palmenhaus.de\/#organization\",\"name\":\"SCHLOSSCAFE IM PALMENHAUS\",\"url\":\"https:\/\/palmenhaus.de\/\",\"logo\":{\"@type\":\"ImageObject\",\"inLanguage\":\"en-US\",\"@id\":\"https:\/\/palmenhaus.de\/#\/schema\/logo\/image\/\",\"url\":\"https:\/\/palmenhaus.de\/wp-content\/uploads\/2021\/10\/Zeichenfla\u0308che-3.png\",\"contentUrl\":\"https:\/\/palmenhaus.de\/wp-content\/uploads\/2021\/10\/Zeichenfla\u0308che-3.png\",\"width\":375,\"height\":311,\"caption\":\"SCHLOSSCAFE IM PALMENHAUS\"},\"image\":{\"@id\":\"https:\/\/palmenhaus.de\/#\/schema\/logo\/image\/\"},\"sameAs\":[\"https:\/\/www.facebook.com\/SchlosscafePalmenhaus\",\"https:\/\/www.instagram.com\/schlosscafeimpalmenhaus\/\",\"https:\/\/www.pinterest.de\/schlosscafeimpalmenhaus\/\"]}]}<\/script>\n<!-- \/ Yoast SEO plugin. -->","yoast_head_json":{"title":"Laden Sie Ihre G\u00e4ste zum Royal BBQ ein.","description":"Laden Sie Ihre G\u00e4ste zu einem Royal BBQ ein. Unsere Location ist umgeben von Natur, k\u00f6niglichem Ambiente","robots":{"index":"index","follow":"follow","max-snippet":"max-snippet:-1","max-image-preview":"max-image-preview:large","max-video-preview":"max-video-preview:-1"},"canonical":"https:\/\/palmenhaus.de\/en\/extras\/","og_locale":"en_US","og_type":"article","og_title":"Laden Sie Ihre G\u00e4ste zum Royal BBQ ein.","og_description":"Laden Sie Ihre G\u00e4ste zu einem Royal BBQ ein. Unsere Location ist umgeben von Natur, k\u00f6niglichem Ambiente","og_url":"https:\/\/palmenhaus.de\/en\/extras\/","og_site_name":"Palmenhaus","article_publisher":"https:\/\/www.facebook.com\/SchlosscafePalmenhaus","article_modified_time":"2025-03-01T09:44:58+00:00","twitter_card":"summary_large_image","twitter_misc":{"Est. reading time":"3 minutes"},"schema":{"@context":"https:\/\/schema.org","@graph":[{"@type":"WebPage","@id":"https:\/\/palmenhaus.de\/en\/extras\/","url":"https:\/\/palmenhaus.de\/en\/extras\/","name":"Laden Sie Ihre G\u00e4ste zum Royal BBQ ein.","isPartOf":{"@id":"https:\/\/palmenhaus.de\/#website"},"datePublished":"2025-03-01T09:40:26+00:00","dateModified":"2025-03-01T09:44:58+00:00","description":"Laden Sie Ihre G\u00e4ste zu einem Royal BBQ ein. Unsere Location ist umgeben von Natur, k\u00f6niglichem Ambiente","breadcrumb":{"@id":"https:\/\/palmenhaus.de\/en\/extras\/#breadcrumb"},"inLanguage":"en-US","potentialAction":[{"@type":"ReadAction","target":["https:\/\/palmenhaus.de\/en\/extras\/"]}]},{"@type":"BreadcrumbList","@id":"https:\/\/palmenhaus.de\/en\/extras\/#breadcrumb","itemListElement":[{"@type":"ListItem","position":1,"name":"Startseite","item":"https:\/\/palmenhaus.de\/en\/"},{"@type":"ListItem","position":2,"name":"Extras"}]},{"@type":"WebSite","@id":"https:\/\/palmenhaus.de\/#website","url":"https:\/\/palmenhaus.de\/","name":"SCHLOSSCAFE IM PALMENHAUS","description":"","publisher":{"@id":"https:\/\/palmenhaus.de\/#organization"},"potentialAction":[{"@type":"SearchAction","target":{"@type":"EntryPoint","urlTemplate":"https:\/\/palmenhaus.de\/?s={search_term_string}"},"query-input":{"@type":"PropertyValueSpecification","valueRequired":true,"valueName":"search_term_string"}}],"inLanguage":"en-US"},{"@type":"Organization","@id":"https:\/\/palmenhaus.de\/#organization","name":"SCHLOSSCAFE IM PALMENHAUS","url":"https:\/\/palmenhaus.de\/","logo":{"@type":"ImageObject","inLanguage":"en-US","@id":"https:\/\/palmenhaus.de\/#\/schema\/logo\/image\/","url":"https:\/\/palmenhaus.de\/wp-content\/uploads\/2021\/10\/Zeichenfla\u0308che-3.png","contentUrl":"https:\/\/palmenhaus.de\/wp-content\/uploads\/2021\/10\/Zeichenfla\u0308che-3.png","width":375,"height":311,"caption":"SCHLOSSCAFE IM PALMENHAUS"},"image":{"@id":"https:\/\/palmenhaus.de\/#\/schema\/logo\/image\/"},"sameAs":["https:\/\/www.facebook.com\/SchlosscafePalmenhaus","https:\/\/www.instagram.com\/schlosscafeimpalmenhaus\/","https:\/\/www.pinterest.de\/schlosscafeimpalmenhaus\/"]}]}},"_links":{"self":[{"href":"https:\/\/palmenhaus.de\/en\/wp-json\/wp\/v2\/pages\/24230","targetHints":{"allow":["GET"]}}],"collection":[{"href":"https:\/\/palmenhaus.de\/en\/wp-json\/wp\/v2\/pages"}],"about":[{"href":"https:\/\/palmenhaus.de\/en\/wp-json\/wp\/v2\/types\/page"}],"author":[{"embeddable":true,"href":"https:\/\/palmenhaus.de\/en\/wp-json\/wp\/v2\/users\/2"}],"replies":[{"embeddable":true,"href":"https:\/\/palmenhaus.de\/en\/wp-json\/wp\/v2\/comments?post=24230"}],"version-history":[{"count":5,"href":"https:\/\/palmenhaus.de\/en\/wp-json\/wp\/v2\/pages\/24230\/revisions"}],"predecessor-version":[{"id":24597,"href":"https:\/\/palmenhaus.de\/en\/wp-json\/wp\/v2\/pages\/24230\/revisions\/24597"}],"wp:attachment":[{"href":"https:\/\/palmenhaus.de\/en\/wp-json\/wp\/v2\/media?parent=24230"}],"curies":[{"name":"wp","href":"https:\/\/api.w.org\/{rel}","templated":true}]}}