{"id":19286,"date":"2021-04-26T13:33:39","date_gmt":"2021-04-26T11:33:39","guid":{"rendered":"https:\/\/palmenhaus.de\/?page_id=19286"},"modified":"2021-04-26T13:33:54","modified_gmt":"2021-04-26T11:33:54","slug":"deals","status":"publish","type":"page","link":"https:\/\/palmenhaus.de\/en\/deals\/","title":{"rendered":"deals"},"content":{"rendered":"<div class=\"limit-wrapper\"><div class=\"row \"><div class=\"vamtam-grid grid-1-6  vamtam-first-level grid-1-6  first unextended left-border has-extended-padding\" style=\"padding-top:0.05px;padding-bottom:0.05px;\" id=\"vamtam-column-2db47877e78f7a26490bc6a73fc449ce\" ><style>#vamtam-column-2db47877e78f7a26490bc6a73fc449ce:before{background-color:#fff;}<\/style><\/div>\n<div class=\"vamtam-grid grid-2-3  vamtam-first-level grid-2-3  unextended left-border has-extended-padding\" style=\"padding-top:0.05px;padding-bottom:0.05px;\" id=\"vamtam-column-f9107a193e743c2ca552cd936e6fa40a\" ><style>#vamtam-column-f9107a193e743c2ca552cd936e6fa40a:before{background-color:#fff;}<\/style><div class=\"row \"><div class=\"vamtam-grid grid-1-1  grid-1-1  first unextended no-extended-padding\" style=\"padding-top:0.05px;padding-bottom:0.05px;\" id=\"vamtam-column-df0b6d7163000e120a1411f7af45ac7d\" ><h3 class=\"block-description\" style=\"text-align: center;\">Ihr Event ist unsere Passion<\/h3>\n<div style=\"text-align: center;\">Unsere Philosophie: ein Fest \u2013 ein Kunstwerk &#8211; immer. Was bleibt: w\u00e4hrende Freude am Erlebten.<br \/>\nWir empfangen Sie mit Ihren G\u00e4sten in unserem SCHLOSSCAF\u00c9 IM PALMENHAUS<br \/>\nmitten im Barockgarten des Schlossparks Nymphenburg, M\u00fcnchen.<\/div>\n<div style=\"text-align: center;\">\u2022<\/div>\n<h4 style=\"text-align: center;\"><span style=\"text-decoration: underline;\"><span style=\"color: #808000;\"><a style=\"color: #808000; text-decoration: underline;\" href=\"https:\/\/palmenhaus.de\/events\/anfrage\/\">\u2665 Nutzen Sie hier unser direktes Anfrage-Formular \u2665<\/a><\/span><\/span><\/h4>\n<div style=\"text-align: center;\">oder<\/div>\n<div style=\"text-align: center;\">W\u00e4hlen Sie hier Ihr Event und lernen Sie uns besser kennen:<\/div><\/div><\/div>\n<div class=\"vamtam-blank-space  vamtam-hide-lowres\" style=\"height:20px\"><\/div><\/div><\/div><\/div>\n<div class=\"limit-wrapper\"><div class=\"sep-3\"><\/div><\/div>\n<div class=\"limit-wrapper\"><div class=\"row \"><div class=\"vamtam-grid grid-1-4  vamtam-first-level grid-1-4  first unextended no-extended-padding\" style=\"padding-top:0.05px;padding-bottom:0.05px;\" id=\"vamtam-column-8cbe47da0e41099c277f0019c8fb0d0f\" ><div class=\"\" style=\"text-align: center;\">\n<h5>HOCHZEIT<\/h5>\n<\/div>\n<div class=\"\" style=\"text-align: center;\"><\/div>\n<div class=\"\" style=\"text-align: center;\"><b><a href=\"https:\/\/palmenhaus.de\/event-hochzeit\/\"><img decoding=\"async\" class=\"aligncenter wp-image-14565 size-thumbnail\" src=\"https:\/\/palmenhaus.de\/wp-content\/uploads\/2018\/04\/hochzeit-150x150.jpg\" alt=\"\" width=\"150\" height=\"150\" srcset=\"https:\/\/palmenhaus.de\/wp-content\/uploads\/2018\/04\/hochzeit-150x150.jpg 150w, https:\/\/palmenhaus.de\/wp-content\/uploads\/2018\/04\/hochzeit-60x60.jpg 60w, https:\/\/palmenhaus.de\/wp-content\/uploads\/2018\/04\/hochzeit-43x43.jpg 43w, https:\/\/palmenhaus.de\/wp-content\/uploads\/2018\/04\/hochzeit-50x50.jpg 50w\" sizes=\"(max-width: 150px) 100vw, 150px\" \/><\/a><\/b><\/div><\/div>\n<div class=\"vamtam-grid grid-1-4  vamtam-first-level grid-1-4  unextended no-extended-padding\" style=\"padding-top:0.05px;padding-bottom:0.05px;\" id=\"vamtam-column-ae33bf127a29f78afa8f8f4e14ffe3c6\" ><div class=\"\" style=\"text-align: center;\">\n<h5>TAGUNG \/ WORKSHOP<\/h5>\n<\/div>\n<div class=\"\" style=\"text-align: center;\"><\/div>\n<div class=\"\" style=\"text-align: center;\"><b><a href=\"https:\/\/palmenhaus.de\/event-tagungen\/\"><img decoding=\"async\" class=\"aligncenter wp-image-15495 size-thumbnail\" src=\"https:\/\/palmenhaus.de\/wp-content\/uploads\/2018\/10\/IMG_7236-150x150.jpg\" alt=\"\" width=\"150\" height=\"150\" srcset=\"https:\/\/palmenhaus.de\/wp-content\/uploads\/2018\/10\/IMG_7236-150x150.jpg 150w, https:\/\/palmenhaus.de\/wp-content\/uploads\/2018\/10\/IMG_7236-60x60.jpg 60w, https:\/\/palmenhaus.de\/wp-content\/uploads\/2018\/10\/IMG_7236-43x43.jpg 43w, https:\/\/palmenhaus.de\/wp-content\/uploads\/2018\/10\/IMG_7236-50x50.jpg 50w\" sizes=\"(max-width: 150px) 100vw, 150px\" \/><\/a><\/b><\/div><\/div>\n<div class=\"vamtam-grid grid-1-4  vamtam-first-level grid-1-4  unextended no-extended-padding\" style=\"padding-top:0.05px;padding-bottom:0.05px;\" id=\"vamtam-column-5aaa4514291455ceb1e93cf624a6780f\" ><div class=\"\" style=\"text-align: center;\">\n<h5>TRAUERFEIER<\/h5>\n<\/div>\n<div class=\"\" style=\"text-align: center;\"><\/div>\n<div class=\"\" style=\"text-align: center;\"><b><a href=\"https:\/\/palmenhaus.de\/event-trauerfeier\/\"><img decoding=\"async\" class=\"aligncenter wp-image-17144 size-thumbnail\" src=\"https:\/\/palmenhaus.de\/wp-content\/uploads\/2019\/11\/angel-3800001_1920-150x150.jpg\" alt=\"\" width=\"150\" height=\"150\" srcset=\"https:\/\/palmenhaus.de\/wp-content\/uploads\/2019\/11\/angel-3800001_1920-150x150.jpg 150w, https:\/\/palmenhaus.de\/wp-content\/uploads\/2019\/11\/angel-3800001_1920-60x60.jpg 60w, https:\/\/palmenhaus.de\/wp-content\/uploads\/2019\/11\/angel-3800001_1920-43x43.jpg 43w, https:\/\/palmenhaus.de\/wp-content\/uploads\/2019\/11\/angel-3800001_1920-50x50.jpg 50w\" sizes=\"(max-width: 150px) 100vw, 150px\" \/><\/a><\/b><\/div><\/div>\n<div class=\"vamtam-grid grid-1-4  vamtam-first-level grid-1-4  unextended no-extended-padding\" style=\"padding-top:0.05px;padding-bottom:0.05px;\" id=\"vamtam-column-5ee4c91c65b46a69de040c40fc81e36c\" ><div class=\"\" style=\"text-align: center;\">\n<h5>FAMILIENFEST<\/h5>\n<\/div>\n<div class=\"\" style=\"text-align: center;\"><\/div>\n<div class=\"\" style=\"text-align: center;\"><b><a href=\"https:\/\/palmenhaus.de\/event-familienfest\/\"><img decoding=\"async\" class=\"aligncenter wp-image-14675 size-thumbnail\" src=\"https:\/\/palmenhaus.de\/wp-content\/uploads\/2018\/04\/charity2-150x150.jpg\" alt=\"\" width=\"150\" height=\"150\" srcset=\"https:\/\/palmenhaus.de\/wp-content\/uploads\/2018\/04\/charity2-150x150.jpg 150w, https:\/\/palmenhaus.de\/wp-content\/uploads\/2018\/04\/charity2-60x60.jpg 60w, https:\/\/palmenhaus.de\/wp-content\/uploads\/2018\/04\/charity2-43x43.jpg 43w, https:\/\/palmenhaus.de\/wp-content\/uploads\/2018\/04\/charity2-50x50.jpg 50w\" sizes=\"(max-width: 150px) 100vw, 150px\" \/><\/a><\/b><\/div><\/div><\/div><\/div>\n<div class=\"vamtam-blank-space \" style=\"height:70px\"><\/div>\n<div class=\"limit-wrapper\"><div class=\"row \"><div class=\"vamtam-grid grid-1-4  vamtam-first-level grid-1-4  first unextended no-extended-padding\" style=\"padding-top:0.05px;padding-bottom:0.05px;\" id=\"vamtam-column-c68743967a5d8dd5e37f66f71ba5f95b\" ><div class=\"\" style=\"text-align: center;\">\n<h5>WEIHNACHTEN<\/h5>\n<\/div>\n<div class=\"\" style=\"text-align: center;\"><\/div>\n<div class=\"\" style=\"text-align: center;\"><b><a href=\"https:\/\/palmenhaus.de\/event-weihnachten\/\"><img decoding=\"async\" class=\"aligncenter wp-image-17158 size-thumbnail\" src=\"https:\/\/palmenhaus.de\/wp-content\/uploads\/2019\/11\/IMG_1365-150x150.jpeg\" alt=\"\" width=\"150\" height=\"150\" srcset=\"https:\/\/palmenhaus.de\/wp-content\/uploads\/2019\/11\/IMG_1365-150x150.jpeg 150w, https:\/\/palmenhaus.de\/wp-content\/uploads\/2019\/11\/IMG_1365-60x60.jpeg 60w, https:\/\/palmenhaus.de\/wp-content\/uploads\/2019\/11\/IMG_1365-43x43.jpeg 43w, https:\/\/palmenhaus.de\/wp-content\/uploads\/2019\/11\/IMG_1365-960x969.jpeg 960w, https:\/\/palmenhaus.de\/wp-content\/uploads\/2019\/11\/IMG_1365-50x50.jpeg 50w\" sizes=\"(max-width: 150px) 100vw, 150px\" \/><\/a><\/b><\/div><\/div>\n<div class=\"vamtam-grid grid-1-4  vamtam-first-level grid-1-4  unextended no-extended-padding\" style=\"padding-top:0.05px;padding-bottom:0.05px;\" id=\"vamtam-column-4078a88220cb6fb97acedac2ed5be056\" ><div class=\"\" style=\"text-align: center;\">\n<h5>FIRMENEVENTS<\/h5>\n<\/div>\n<div class=\"\" style=\"text-align: center;\"><\/div>\n<div class=\"\" style=\"text-align: center;\"><b><a href=\"https:\/\/palmenhaus.de\/event-firmenevent\/\"><img decoding=\"async\" class=\"aligncenter wp-image-17156 size-thumbnail\" src=\"https:\/\/palmenhaus.de\/wp-content\/uploads\/2019\/11\/Outdoor_Event_Schlosscafe_Muenchen-150x150.jpg\" alt=\"\" width=\"150\" height=\"150\" srcset=\"https:\/\/palmenhaus.de\/wp-content\/uploads\/2019\/11\/Outdoor_Event_Schlosscafe_Muenchen-150x150.jpg 150w, https:\/\/palmenhaus.de\/wp-content\/uploads\/2019\/11\/Outdoor_Event_Schlosscafe_Muenchen-60x60.jpg 60w, https:\/\/palmenhaus.de\/wp-content\/uploads\/2019\/11\/Outdoor_Event_Schlosscafe_Muenchen-43x43.jpg 43w, https:\/\/palmenhaus.de\/wp-content\/uploads\/2019\/11\/Outdoor_Event_Schlosscafe_Muenchen-50x50.jpg 50w\" sizes=\"(max-width: 150px) 100vw, 150px\" \/><\/a><\/b><\/div><\/div>\n<div class=\"vamtam-grid grid-1-4  vamtam-first-level grid-1-4  unextended no-extended-padding\" style=\"padding-top:0.05px;padding-bottom:0.05px;\" id=\"vamtam-column-dd4c5667b94606c4576e3ce7f0a1a8b5\" ><div class=\"\" style=\"text-align: center;\">\n<h5>FR\u00dcHST\u00dcCK \/ BRUNCH<\/h5>\n<\/div>\n<div class=\"\" style=\"text-align: center;\"><\/div>\n<div class=\"\" style=\"text-align: center;\"><b><a href=\"https:\/\/palmenhaus.de\/event-fruehstueck-brunch\/\"><img decoding=\"async\" class=\"aligncenter wp-image-17150 size-thumbnail\" src=\"https:\/\/palmenhaus.de\/wp-content\/uploads\/2019\/11\/breakfast-1804436_1920-150x150.jpg\" alt=\"\" width=\"150\" height=\"150\" srcset=\"https:\/\/palmenhaus.de\/wp-content\/uploads\/2019\/11\/breakfast-1804436_1920-150x150.jpg 150w, https:\/\/palmenhaus.de\/wp-content\/uploads\/2019\/11\/breakfast-1804436_1920-60x60.jpg 60w, https:\/\/palmenhaus.de\/wp-content\/uploads\/2019\/11\/breakfast-1804436_1920-43x43.jpg 43w, https:\/\/palmenhaus.de\/wp-content\/uploads\/2019\/11\/breakfast-1804436_1920-50x50.jpg 50w\" sizes=\"(max-width: 150px) 100vw, 150px\" \/><\/a><\/b><\/div><\/div>\n<div class=\"vamtam-grid grid-1-4  vamtam-first-level grid-1-4  unextended no-extended-padding\" style=\"padding-top:0.05px;padding-bottom:0.05px;\" id=\"vamtam-column-dab988be07d1da3f5444006287c4ee4a\" ><div class=\"\" style=\"text-align: center;\">\n<h5>GRUPPEN<\/h5>\n<\/div>\n<div class=\"\" style=\"text-align: center;\"><\/div>\n<div class=\"\" style=\"text-align: center;\"><b><a href=\"https:\/\/palmenhaus.de\/event-gruppen\/\"><img decoding=\"async\" class=\"aligncenter wp-image-14573 size-thumbnail\" src=\"https:\/\/palmenhaus.de\/wp-content\/uploads\/2018\/04\/sommerfest-150x150.jpg\" alt=\"\" width=\"150\" height=\"150\" srcset=\"https:\/\/palmenhaus.de\/wp-content\/uploads\/2018\/04\/sommerfest-150x150.jpg 150w, https:\/\/palmenhaus.de\/wp-content\/uploads\/2018\/04\/sommerfest-60x60.jpg 60w, https:\/\/palmenhaus.de\/wp-content\/uploads\/2018\/04\/sommerfest-43x43.jpg 43w, https:\/\/palmenhaus.de\/wp-content\/uploads\/2018\/04\/sommerfest-50x50.jpg 50w\" sizes=\"(max-width: 150px) 100vw, 150px\" \/><\/a><\/b><\/div><\/div><\/div><\/div>\n<div class=\"vamtam-blank-space \" style=\"height:70px\"><\/div>\n<div class=\"limit-wrapper\"><div class=\"row \"><div class=\"vamtam-grid grid-1-4  vamtam-first-level grid-1-4  first unextended no-extended-padding\" style=\"padding-top:0.05px;padding-bottom:0.05px;\" id=\"vamtam-column-6a5c016ac8d70169f80e8bd52038548a\" ><div class=\"\" style=\"text-align: center;\">\n<h5>W\u00dcRSTLBARONE<\/h5>\n<\/div>\n<div class=\"\" style=\"text-align: center;\"><\/div>\n<div class=\"\" style=\"text-align: center;\"><b><a href=\"https:\/\/palmenhaus.de\/event-wuerstelbarone\/\"><img decoding=\"async\" class=\"aligncenter wp-image-13651 size-thumbnail\" src=\"https:\/\/palmenhaus.de\/wp-content\/uploads\/2017\/10\/Events_Schlosscafe_Palmmenhaus-Kopie-150x150.jpg\" alt=\"\" width=\"150\" height=\"150\" \/><\/a><\/b><\/div><\/div>\n<div class=\"vamtam-grid grid-1-4  vamtam-first-level grid-1-4  unextended no-extended-padding\" style=\"padding-top:0.05px;padding-bottom:0.05px;\" id=\"vamtam-column-8ebf4e96a3cd9522a648528780634bcf\" ><div class=\"\" style=\"text-align: center;\">\n<h5>GRILLFESTE<\/h5>\n<\/div>\n<div class=\"\" style=\"text-align: center;\"><\/div>\n<div class=\"\" style=\"text-align: center;\"><b><a href=\"https:\/\/palmenhaus.de\/event-grillfeste\/\"><img decoding=\"async\" class=\"aligncenter wp-image-17714 size-thumbnail\" src=\"https:\/\/palmenhaus.de\/wp-content\/uploads\/2019\/11\/steak-3640560_1920-150x150.jpg\" alt=\"\" width=\"150\" height=\"150\" srcset=\"https:\/\/palmenhaus.de\/wp-content\/uploads\/2019\/11\/steak-3640560_1920-150x150.jpg 150w, https:\/\/palmenhaus.de\/wp-content\/uploads\/2019\/11\/steak-3640560_1920-60x60.jpg 60w, https:\/\/palmenhaus.de\/wp-content\/uploads\/2019\/11\/steak-3640560_1920-43x43.jpg 43w, https:\/\/palmenhaus.de\/wp-content\/uploads\/2019\/11\/steak-3640560_1920-50x50.jpg 50w\" sizes=\"(max-width: 150px) 100vw, 150px\" \/><\/a><\/b><\/div><\/div>\n<div class=\"vamtam-grid grid-1-4  vamtam-first-level grid-1-4  unextended no-extended-padding\" style=\"padding-top:0.05px;padding-bottom:0.05px;\" id=\"vamtam-column-63939d380a6425aaf182d144dfec2c57\" ><div class=\"\" style=\"text-align: center;\">\n<h5>EISERNES HAUS<\/h5>\n<\/div>\n<div class=\"\" style=\"text-align: center;\"><\/div>\n<div class=\"\" style=\"text-align: center;\"><a href=\"https:\/\/palmenhaus.de\/event-eisernes-haus\/\"><b><img decoding=\"async\" class=\"aligncenter wp-image-17812 size-thumbnail\" src=\"https:\/\/palmenhaus.de\/wp-content\/uploads\/2019\/11\/IMG_0015_kleiner-1-150x150.jpg\" alt=\"\" width=\"150\" height=\"150\" srcset=\"https:\/\/palmenhaus.de\/wp-content\/uploads\/2019\/11\/IMG_0015_kleiner-1-150x150.jpg 150w, https:\/\/palmenhaus.de\/wp-content\/uploads\/2019\/11\/IMG_0015_kleiner-1-60x60.jpg 60w, https:\/\/palmenhaus.de\/wp-content\/uploads\/2019\/11\/IMG_0015_kleiner-1-43x43.jpg 43w, https:\/\/palmenhaus.de\/wp-content\/uploads\/2019\/11\/IMG_0015_kleiner-1-50x50.jpg 50w\" sizes=\"(max-width: 150px) 100vw, 150px\" \/><\/b><\/a><\/div><\/div>\n<div class=\"vamtam-grid grid-1-4  vamtam-first-level grid-1-4  unextended no-extended-padding\" style=\"padding-top:0.05px;padding-bottom:0.05px;\" id=\"vamtam-column-8d25622105a6d4ad63120607f2a29a5b\" ><div class=\"\" style=\"text-align: center;\">\n<h5>IHR EVENT CONCIERGE<\/h5>\n<\/div>\n<div class=\"\" style=\"text-align: center;\"><\/div>\n<div class=\"\" style=\"text-align: center;\"><a href=\"https:\/\/palmenhaus.de\/event-ihr-event-concierge\/\"><b><img decoding=\"async\" class=\"aligncenter wp-image-17817 size-thumbnail\" src=\"https:\/\/palmenhaus.de\/wp-content\/uploads\/2019\/11\/bell-2899920_1920-1-150x150.jpg\" alt=\"\" width=\"150\" height=\"150\" srcset=\"https:\/\/palmenhaus.de\/wp-content\/uploads\/2019\/11\/bell-2899920_1920-1-150x150.jpg 150w, https:\/\/palmenhaus.de\/wp-content\/uploads\/2019\/11\/bell-2899920_1920-1-60x60.jpg 60w, https:\/\/palmenhaus.de\/wp-content\/uploads\/2019\/11\/bell-2899920_1920-1-43x43.jpg 43w, https:\/\/palmenhaus.de\/wp-content\/uploads\/2019\/11\/bell-2899920_1920-1-50x50.jpg 50w\" sizes=\"(max-width: 150px) 100vw, 150px\" \/><\/b><\/a><\/div><\/div><\/div><\/div>\n<div class=\"vamtam-blank-space \" style=\"height:70px\"><\/div>\n","protected":false},"excerpt":{"rendered":"<p>Ihr Event ist unsere Passion Unsere Philosophie: ein Fest \u2013 ein Kunstwerk &#8211; immer. Was bleibt: w\u00e4hrende Freude am Erlebten. Wir empfangen Sie mit Ihren G\u00e4sten in unserem SCHLOSSCAF\u00c9 IM PALMENHAUS mitten im Barockgarten des Schlossparks Nymphenburg, M\u00fcnchen. \u2022 \u2665&#8230;<\/p>\n","protected":false},"author":1,"featured_media":0,"parent":0,"menu_order":46,"comment_status":"closed","ping_status":"closed","template":"","meta":{"footnotes":""},"class_list":["post-19286","page","type-page","status-publish","hentry"],"yoast_head":"<!-- This site is optimized with the Yoast SEO plugin v26.7 - https:\/\/yoast.com\/wordpress\/plugins\/seo\/ -->\n<title>Events at Schlosscaf\u00e9 im Palmenhaus are unforgettable<\/title>\n<meta name=\"description\" content=\"Whether a company party, conference or workshop, the Schlosscaf\u00e9 im Palmenhaus with its princely ambience always creates the right setting for your event.\" \/>\n<meta name=\"robots\" content=\"index, follow, max-snippet:-1, max-image-preview:large, max-video-preview:-1\" \/>\n<link rel=\"canonical\" href=\"https:\/\/palmenhaus.de\/en\/events-4__trashed\/deals\/\" \/>\n<meta property=\"og:locale\" content=\"en_US\" \/>\n<meta property=\"og:type\" content=\"article\" \/>\n<meta property=\"og:title\" content=\"Events at Schlosscaf\u00e9 im Palmenhaus are unforgettable\" \/>\n<meta property=\"og:description\" content=\"Whether a company party, conference or workshop, the Schlosscaf\u00e9 im Palmenhaus with its princely ambience always creates the right setting for your event.\" \/>\n<meta property=\"og:url\" content=\"https:\/\/palmenhaus.de\/en\/events-4__trashed\/deals\/\" \/>\n<meta property=\"og:site_name\" content=\"Palmenhaus\" \/>\n<meta property=\"article:publisher\" content=\"https:\/\/www.facebook.com\/SchlosscafePalmenhaus\" \/>\n<meta property=\"article:modified_time\" content=\"2021-04-26T11:33:54+00:00\" \/>\n<meta property=\"og:image\" content=\"https:\/\/palmenhaus.de\/wp-content\/uploads\/2018\/04\/hochzeit-150x150.jpg\" \/>\n<meta name=\"twitter:card\" content=\"summary_large_image\" \/>\n<meta name=\"twitter:label1\" content=\"Est. reading time\" \/>\n\t<meta name=\"twitter:data1\" content=\"2 minutes\" \/>\n<script type=\"application\/ld+json\" class=\"yoast-schema-graph\">{\"@context\":\"https:\/\/schema.org\",\"@graph\":[{\"@type\":\"WebPage\",\"@id\":\"https:\/\/palmenhaus.de\/en\/events-4__trashed\/deals\/\",\"url\":\"https:\/\/palmenhaus.de\/en\/events-4__trashed\/deals\/\",\"name\":\"Events at Schlosscaf\u00e9 im Palmenhaus are unforgettable\",\"isPartOf\":{\"@id\":\"https:\/\/palmenhaus.de\/#website\"},\"primaryImageOfPage\":{\"@id\":\"https:\/\/palmenhaus.de\/en\/events-4__trashed\/deals\/#primaryimage\"},\"image\":{\"@id\":\"https:\/\/palmenhaus.de\/en\/events-4__trashed\/deals\/#primaryimage\"},\"thumbnailUrl\":\"https:\/\/palmenhaus.de\/wp-content\/uploads\/2018\/04\/hochzeit-150x150.jpg\",\"datePublished\":\"2021-04-26T11:33:39+00:00\",\"dateModified\":\"2021-04-26T11:33:54+00:00\",\"description\":\"Whether a company party, conference or workshop, the Schlosscaf\u00e9 im Palmenhaus with its princely ambience always creates the right setting for your event.\",\"breadcrumb\":{\"@id\":\"https:\/\/palmenhaus.de\/en\/events-4__trashed\/deals\/#breadcrumb\"},\"inLanguage\":\"en-US\",\"potentialAction\":[{\"@type\":\"ReadAction\",\"target\":[\"https:\/\/palmenhaus.de\/en\/events-4__trashed\/deals\/\"]}]},{\"@type\":\"ImageObject\",\"inLanguage\":\"en-US\",\"@id\":\"https:\/\/palmenhaus.de\/en\/events-4__trashed\/deals\/#primaryimage\",\"url\":\"https:\/\/palmenhaus.de\/wp-content\/uploads\/2018\/04\/hochzeit-150x150.jpg\",\"contentUrl\":\"https:\/\/palmenhaus.de\/wp-content\/uploads\/2018\/04\/hochzeit-150x150.jpg\"},{\"@type\":\"BreadcrumbList\",\"@id\":\"https:\/\/palmenhaus.de\/en\/events-4__trashed\/deals\/#breadcrumb\",\"itemListElement\":[{\"@type\":\"ListItem\",\"position\":1,\"name\":\"Startseite\",\"item\":\"https:\/\/palmenhaus.de\/en\/\"},{\"@type\":\"ListItem\",\"position\":2,\"name\":\"deals\"}]},{\"@type\":\"WebSite\",\"@id\":\"https:\/\/palmenhaus.de\/#website\",\"url\":\"https:\/\/palmenhaus.de\/\",\"name\":\"SCHLOSSCAFE IM PALMENHAUS\",\"description\":\"\",\"publisher\":{\"@id\":\"https:\/\/palmenhaus.de\/#organization\"},\"potentialAction\":[{\"@type\":\"SearchAction\",\"target\":{\"@type\":\"EntryPoint\",\"urlTemplate\":\"https:\/\/palmenhaus.de\/?s={search_term_string}\"},\"query-input\":{\"@type\":\"PropertyValueSpecification\",\"valueRequired\":true,\"valueName\":\"search_term_string\"}}],\"inLanguage\":\"en-US\"},{\"@type\":\"Organization\",\"@id\":\"https:\/\/palmenhaus.de\/#organization\",\"name\":\"SCHLOSSCAFE IM PALMENHAUS\",\"url\":\"https:\/\/palmenhaus.de\/\",\"logo\":{\"@type\":\"ImageObject\",\"inLanguage\":\"en-US\",\"@id\":\"https:\/\/palmenhaus.de\/#\/schema\/logo\/image\/\",\"url\":\"https:\/\/palmenhaus.de\/wp-content\/uploads\/2021\/10\/Zeichenfla\u0308che-3.png\",\"contentUrl\":\"https:\/\/palmenhaus.de\/wp-content\/uploads\/2021\/10\/Zeichenfla\u0308che-3.png\",\"width\":375,\"height\":311,\"caption\":\"SCHLOSSCAFE IM PALMENHAUS\"},\"image\":{\"@id\":\"https:\/\/palmenhaus.de\/#\/schema\/logo\/image\/\"},\"sameAs\":[\"https:\/\/www.facebook.com\/SchlosscafePalmenhaus\",\"https:\/\/www.instagram.com\/schlosscafeimpalmenhaus\/\",\"https:\/\/www.pinterest.de\/schlosscafeimpalmenhaus\/\"]}]}<\/script>\n<!-- \/ Yoast SEO plugin. -->","yoast_head_json":{"title":"Events at Schlosscaf\u00e9 im Palmenhaus are unforgettable","description":"Whether a company party, conference or workshop, the Schlosscaf\u00e9 im Palmenhaus with its princely ambience always creates the right setting for your event.","robots":{"index":"index","follow":"follow","max-snippet":"max-snippet:-1","max-image-preview":"max-image-preview:large","max-video-preview":"max-video-preview:-1"},"canonical":"https:\/\/palmenhaus.de\/en\/events-4__trashed\/deals\/","og_locale":"en_US","og_type":"article","og_title":"Events at Schlosscaf\u00e9 im Palmenhaus are unforgettable","og_description":"Whether a company party, conference or workshop, the Schlosscaf\u00e9 im Palmenhaus with its princely ambience always creates the right setting for your event.","og_url":"https:\/\/palmenhaus.de\/en\/events-4__trashed\/deals\/","og_site_name":"Palmenhaus","article_publisher":"https:\/\/www.facebook.com\/SchlosscafePalmenhaus","article_modified_time":"2021-04-26T11:33:54+00:00","og_image":[{"url":"https:\/\/palmenhaus.de\/wp-content\/uploads\/2018\/04\/hochzeit-150x150.jpg","type":"","width":"","height":""}],"twitter_card":"summary_large_image","twitter_misc":{"Est. reading time":"2 minutes"},"schema":{"@context":"https:\/\/schema.org","@graph":[{"@type":"WebPage","@id":"https:\/\/palmenhaus.de\/en\/events-4__trashed\/deals\/","url":"https:\/\/palmenhaus.de\/en\/events-4__trashed\/deals\/","name":"Events at Schlosscaf\u00e9 im Palmenhaus are unforgettable","isPartOf":{"@id":"https:\/\/palmenhaus.de\/#website"},"primaryImageOfPage":{"@id":"https:\/\/palmenhaus.de\/en\/events-4__trashed\/deals\/#primaryimage"},"image":{"@id":"https:\/\/palmenhaus.de\/en\/events-4__trashed\/deals\/#primaryimage"},"thumbnailUrl":"https:\/\/palmenhaus.de\/wp-content\/uploads\/2018\/04\/hochzeit-150x150.jpg","datePublished":"2021-04-26T11:33:39+00:00","dateModified":"2021-04-26T11:33:54+00:00","description":"Whether a company party, conference or workshop, the Schlosscaf\u00e9 im Palmenhaus with its princely ambience always creates the right setting for your event.","breadcrumb":{"@id":"https:\/\/palmenhaus.de\/en\/events-4__trashed\/deals\/#breadcrumb"},"inLanguage":"en-US","potentialAction":[{"@type":"ReadAction","target":["https:\/\/palmenhaus.de\/en\/events-4__trashed\/deals\/"]}]},{"@type":"ImageObject","inLanguage":"en-US","@id":"https:\/\/palmenhaus.de\/en\/events-4__trashed\/deals\/#primaryimage","url":"https:\/\/palmenhaus.de\/wp-content\/uploads\/2018\/04\/hochzeit-150x150.jpg","contentUrl":"https:\/\/palmenhaus.de\/wp-content\/uploads\/2018\/04\/hochzeit-150x150.jpg"},{"@type":"BreadcrumbList","@id":"https:\/\/palmenhaus.de\/en\/events-4__trashed\/deals\/#breadcrumb","itemListElement":[{"@type":"ListItem","position":1,"name":"Startseite","item":"https:\/\/palmenhaus.de\/en\/"},{"@type":"ListItem","position":2,"name":"deals"}]},{"@type":"WebSite","@id":"https:\/\/palmenhaus.de\/#website","url":"https:\/\/palmenhaus.de\/","name":"SCHLOSSCAFE IM PALMENHAUS","description":"","publisher":{"@id":"https:\/\/palmenhaus.de\/#organization"},"potentialAction":[{"@type":"SearchAction","target":{"@type":"EntryPoint","urlTemplate":"https:\/\/palmenhaus.de\/?s={search_term_string}"},"query-input":{"@type":"PropertyValueSpecification","valueRequired":true,"valueName":"search_term_string"}}],"inLanguage":"en-US"},{"@type":"Organization","@id":"https:\/\/palmenhaus.de\/#organization","name":"SCHLOSSCAFE IM PALMENHAUS","url":"https:\/\/palmenhaus.de\/","logo":{"@type":"ImageObject","inLanguage":"en-US","@id":"https:\/\/palmenhaus.de\/#\/schema\/logo\/image\/","url":"https:\/\/palmenhaus.de\/wp-content\/uploads\/2021\/10\/Zeichenfla\u0308che-3.png","contentUrl":"https:\/\/palmenhaus.de\/wp-content\/uploads\/2021\/10\/Zeichenfla\u0308che-3.png","width":375,"height":311,"caption":"SCHLOSSCAFE IM PALMENHAUS"},"image":{"@id":"https:\/\/palmenhaus.de\/#\/schema\/logo\/image\/"},"sameAs":["https:\/\/www.facebook.com\/SchlosscafePalmenhaus","https:\/\/www.instagram.com\/schlosscafeimpalmenhaus\/","https:\/\/www.pinterest.de\/schlosscafeimpalmenhaus\/"]}]}},"_links":{"self":[{"href":"https:\/\/palmenhaus.de\/en\/wp-json\/wp\/v2\/pages\/19286","targetHints":{"allow":["GET"]}}],"collection":[{"href":"https:\/\/palmenhaus.de\/en\/wp-json\/wp\/v2\/pages"}],"about":[{"href":"https:\/\/palmenhaus.de\/en\/wp-json\/wp\/v2\/types\/page"}],"author":[{"embeddable":true,"href":"https:\/\/palmenhaus.de\/en\/wp-json\/wp\/v2\/users\/1"}],"replies":[{"embeddable":true,"href":"https:\/\/palmenhaus.de\/en\/wp-json\/wp\/v2\/comments?post=19286"}],"version-history":[{"count":1,"href":"https:\/\/palmenhaus.de\/en\/wp-json\/wp\/v2\/pages\/19286\/revisions"}],"predecessor-version":[{"id":19293,"href":"https:\/\/palmenhaus.de\/en\/wp-json\/wp\/v2\/pages\/19286\/revisions\/19293"}],"wp:attachment":[{"href":"https:\/\/palmenhaus.de\/en\/wp-json\/wp\/v2\/media?parent=19286"}],"curies":[{"name":"wp","href":"https:\/\/api.w.org\/{rel}","templated":true}]}}