{"id":18979,"date":"2024-11-18T11:29:34","date_gmt":"2024-11-18T10:29:34","guid":{"rendered":"https:\/\/palmenhaus.de\/tagesaktuell\/"},"modified":"2025-02-07T11:33:02","modified_gmt":"2025-02-07T10:33:02","slug":"daily-news","status":"publish","type":"page","link":"https:\/\/palmenhaus.de\/en\/daily-news\/","title":{"rendered":"Daily news"},"content":{"rendered":"<div class=\"limit-wrapper\"><div class=\"row \"><div class=\"vamtam-grid grid-1-1  vamtam-first-level grid-1-1  first unextended no-extended-padding\" style=\"padding-top:0.05px;padding-bottom:0.05px;\" id=\"vamtam-column-970877e10779a3b0be3da630b5ec17da\" ><h4 style=\"text-align: center;\">Current opening times and further information:<\/h4>\n<p style=\"text-align: center;\"><a href=\"https:\/\/palmenhaus.de\/wp-content\/uploads\/2022\/04\/Milchha%CC%88uslkarte_2022_B.pdf\" target=\"_blank\" style='font-size: 16px;' class=\"vamtam-button accent1  vamtam-button button-border  hover-accent1 \"><span class=\"btext\" data-text=\"Menue Milchh\u00e4usl\" >Menue Milchh\u00e4usl<\/span><\/a>\n<p style=\"text-align: center;\"><a href=\"https:\/\/palmenhaus.de\/wp-content\/uploads\/2024\/11\/Palmenhaus-Speisekarte-HERBST-AUTUMN-2024.pdf\" target=\"_blank\" style='font-size: 16px;' class=\"vamtam-button accent1  vamtam-button button-border  hover-accent1 \"><span class=\"btext\" data-text=\"Menue Speisecaf\u00e9\" >Menue Speisecaf\u00e9<\/span><\/a>\n<p style=\"text-align: center;\">opening hours<\/p>\n<p style=\"text-align: center;\">Monday &amp; Tuesday closed<br \/>\n\u2665<br \/>\nSB-Milchh\u00e4usl: Tuesday \u2013 Friday 12:00 p.m. \u2013 5:30 p.m<br \/>\n\u2665<br \/>\nNymphenburg sausage barons:<br \/>\nSaturday &amp; Sunday 11:30 a.m. &#8211; 6:00 p.m<br \/>\nweekdays in the afternoon depending on the weather<br \/>\n\u2665<br \/>\nOur staffed dining caf\u00e9 has<br \/>\n(except for closed events)<br \/>\nopen:<br \/>\nThursday and Friday 11 a.m. to 5:30 p.m<br \/>\nSaturday, Sunday and public holidays 10 a.m. to 6 p.m<br \/>\n\u2665<br \/>\nEarly reservation is recommended.<br \/>\nAnd beyond that for closed events<br \/>\nwith minimum sales (depends on the number of guests)<br \/>\nalso Monday-Thursday, and every evening<br \/>\n\u2665<br \/>\npublic holidays<br \/>\nDecember 23rd &amp; 24th CLOSED | December 25th &amp; 26th Open 11 a.m. to 6 p.m<br \/>\n31.12. ,10 a.m. &#8211; 4 p.m. open | January 1st, open 11:00 a.m. &#8211; 6:00 p.m. | January 6th, open from 10 a.m. to 6 p.m<br \/>\n\u2665<br \/>\nWinter closing time:<br \/>\n07.01.-28.02.2025<br \/>\nThe Palmenhaus feelgood managers will be happy to welcome you for consultation appointments Tuesday to Sunday between 10 a.m. and 4 p.m.<\/p>\n<p style=\"text-align: center;\">You can reach us 24\/7 by sending an email to info@palmenhaus.de<\/p><\/div><\/div><\/div>\n<div class=\"limit-wrapper\"><div class=\"row \"><div class=\"vamtam-grid grid-1-1  vamtam-first-level grid-1-1  first unextended no-extended-padding\" style=\"padding-top:0.05px;padding-bottom:0.05px;\" id=\"vamtam-column-ca4baa1ebce4f2446b3360832a1e590f\" ><p style=\"text-align: center;\">Wir praktizieren M\u00fclltrennung, verzichten auf folienverpacktes Eis, Strohhalme, Einmalpackungen, nutzen ausschlie\u00dflich Servietten und Verpackungen aus Recyclingmaterial, essbare Eisbecher und Eiswaffeln und unsere Eisl\u00f6ffel sind aus Maisst\u00e4rke biologisch abbaubar.<\/p>\n<p style=\"text-align: center;\">Unterst\u00fctzen auch Sie uns auf unserem Weg, das \u00d6kosystem Nymphenburger Schlosspark<br \/>\nzum Wohl und zur Freude aller Wesen nachhaltig zu bewahren. Vielen Dank.<br \/>\nUnd dran denken:<br \/>\nIhr seid mit ABSTAND auf allen Wegen bei uns im Haus die Besten!<\/p><\/div><\/div><\/div>\n<div class=\"vamtam-blank-space \" style=\"height:30px\"><\/div>\n<div class=\"limit-wrapper\"><div class=\"row \"><div class=\"vamtam-grid grid-1-1  vamtam-first-level grid-1-1  first unextended no-extended-padding\" style=\"padding-top:0.05px;padding-bottom:0.05px;\" id=\"vamtam-column-f2f3812c1d62a49249c581680071c285\" ><p style=\"text-align: center;\">We can be reached 24\/7 by email info@palmenhaus.de.<br \/>\n\u2665<\/p>\n<p style=\"text-align: center;\">Do you already know our bonus cards?<\/p>\n<p style=\"text-align: center;\">10 x grilled sausages or 10 x mulled wine and 1 for free!<br \/>\nAvailable on site.<\/p>\n<p style=\"text-align: center;\"><img decoding=\"async\" class=\"aligncenter size-large wp-image-18964\" src=\"https:\/\/palmenhaus.de\/wp-content\/uploads\/2020\/11\/bonuskarten-tisch_notebook-731212_1920-1024x738.jpg\" alt=\"\" width=\"1024\" height=\"738\" srcset=\"https:\/\/palmenhaus.de\/wp-content\/uploads\/2020\/11\/bonuskarten-tisch_notebook-731212_1920-1024x738.jpg 1024w, https:\/\/palmenhaus.de\/wp-content\/uploads\/2020\/11\/bonuskarten-tisch_notebook-731212_1920-300x216.jpg 300w, https:\/\/palmenhaus.de\/wp-content\/uploads\/2020\/11\/bonuskarten-tisch_notebook-731212_1920-768x554.jpg 768w, https:\/\/palmenhaus.de\/wp-content\/uploads\/2020\/11\/bonuskarten-tisch_notebook-731212_1920-1260x908.jpg 1260w, https:\/\/palmenhaus.de\/wp-content\/uploads\/2020\/11\/bonuskarten-tisch_notebook-731212_1920-615x443.jpg 615w, https:\/\/palmenhaus.de\/wp-content\/uploads\/2020\/11\/bonuskarten-tisch_notebook-731212_1920-1230x887.jpg 1230w, https:\/\/palmenhaus.de\/wp-content\/uploads\/2020\/11\/bonuskarten-tisch_notebook-731212_1920-400x288.jpg 400w, https:\/\/palmenhaus.de\/wp-content\/uploads\/2020\/11\/bonuskarten-tisch_notebook-731212_1920-800x577.jpg 800w, https:\/\/palmenhaus.de\/wp-content\/uploads\/2020\/11\/bonuskarten-tisch_notebook-731212_1920-292x211.jpg 292w, https:\/\/palmenhaus.de\/wp-content\/uploads\/2020\/11\/bonuskarten-tisch_notebook-731212_1920-585x422.jpg 585w, https:\/\/palmenhaus.de\/wp-content\/uploads\/2020\/11\/bonuskarten-tisch_notebook-731212_1920.jpg 1301w\" sizes=\"(max-width: 1024px) 100vw, 1024px\" \/><\/p>\n<p style=\"text-align: center;\"><span class=\"s1\">\u2665<\/span><\/p>\n<h4 style=\"text-align: center;\"><\/h4>\n<h4 style=\"text-align: center;\"><\/h4>\n<h4 style=\"text-align: center;\"><\/h4>\n<h4 style=\"text-align: center;\"><\/h4>\n<div id=\"lpc__nV9X-yXDcLVkgWtpIPQAQ74\" class=\"y yf\" style=\"text-align: center;\" data-jiis=\"up\" data-async-type=\"postContent\" data-async-context-required=\"feature_id\" data-ved=\"2ahUKEwjsjrmNgqLsAhXCqqQKHS3SABoQ9P8BMCp6BAgcEAY\">\n<div class=\"kicECb\" data-jsdata=\"\">\n<div class=\"LnwMSe\">\n<div class=\"vDuh5d\">\n<div data-fid=\"0x479e77ca4ed23d19:0x88a9737e040cc664\" data-pid=\"5527867967211041344\">\n<div><\/div>\n<div style=\"text-align: center;\"><\/div>\n<\/div>\n<\/div>\n<\/div>\n<\/div>\n<\/div>\n<div style=\"text-align: center;\"><\/div>\n<div style=\"text-align: center;\"><\/div>\n<div style=\"text-align: center;\"><\/div>\n<div style=\"text-align: center;\"><\/div><\/div><\/div><\/div>\n<div class=\"vamtam-blank-space \" style=\"height:30px\"><\/div>\n<div class=\"limit-wrapper\"><div class=\"row \"><div class=\"vamtam-grid grid-1-1  vamtam-first-level grid-1-1  first unextended no-extended-padding\" style=\"padding-top:0.05px;padding-bottom:0.05px;\" id=\"vamtam-column-7938310ce2adc16012da9b71e44b03a4\" ><p style=\"text-align: center;\">This is how you find us<\/p>\n<p style=\"text-align: center;\">At the main castle, go through the gate, turn right into the castle park,<br \/>\nthen straight through the park.<br \/>\nWe are at the end of the flower beds \u201cback right\u201d in the palm house.<\/p><\/div><\/div><\/div>\n<div class=\"vamtam-blank-space \" style=\"height:30px\"><\/div>\n<div class=\"limit-wrapper\"><div class=\"row \"><div class=\"vamtam-grid grid-1-4  vamtam-first-level grid-1-4  first unextended has-extended-padding\" style=\"padding-top:0.05px;padding-bottom:0.05px;\" id=\"vamtam-column-15d1d28956bbad78ad5d6f1c28819a82\" ><\/div>\n<div class=\"vamtam-grid grid-1-2  vamtam-first-level grid-1-2  unextended no-extended-padding\" style=\"padding-top:0.05px;padding-bottom:0.05px;\" id=\"vamtam-column-838de78eb0bc94bfab5106c950385530\" >\n<div  data-href=\"https:\/\/palmenhaus.de\/wp-content\/uploads\/2021\/09\/Anfahrstplan-Palmenhaus_OFFIZIEL_WEB_Deutsch.pdf\" tabindex=\"1\" data-target=\"_self\" class=\"linkarea clearfix accent1  background-accent1\">\n\t\t\t\t<div class=\"last\"><h4 style=\"text-align: center;\">Lageplan<\/h4><\/div>\n\t<\/div>\n<\/div><\/div><\/div>\n","protected":false},"excerpt":{"rendered":"<p>Current opening times and further information: opening hours Monday &amp; Tuesday closed \u2665 SB-Milchh\u00e4usl: Tuesday \u2013 Friday 12:00 p.m. \u2013 5:30 p.m \u2665 Nymphenburg sausage barons: Saturday &amp; Sunday 11:30 a.m. &#8211; 6:00 p.m weekdays in the afternoon depending on&#8230;<\/p>\n","protected":false},"author":2,"featured_media":0,"parent":0,"menu_order":16,"comment_status":"closed","ping_status":"closed","template":"","meta":{"footnotes":""},"class_list":["post-18979","page","type-page","status-publish","hentry"],"yoast_head":"<!-- This site is optimized with the Yoast SEO plugin v26.7 - https:\/\/yoast.com\/wordpress\/plugins\/seo\/ -->\n<title>Daily news - Palmenhaus<\/title>\n<meta name=\"description\" content=\"Current opening times and further information. We can be reached 24\/7 via info@palmenhaus.de, even during the winter closure period.\" \/>\n<meta name=\"robots\" content=\"index, follow, max-snippet:-1, max-image-preview:large, max-video-preview:-1\" \/>\n<link rel=\"canonical\" href=\"https:\/\/palmenhaus.de\/tagesaktuell\/\" \/>\n<meta property=\"og:locale\" content=\"en_US\" \/>\n<meta property=\"og:type\" content=\"article\" \/>\n<meta property=\"og:title\" content=\"Daily news - Palmenhaus\" \/>\n<meta property=\"og:description\" content=\"Current opening times and further information. We can be reached 24\/7 via info@palmenhaus.de, even during the winter closure period.\" \/>\n<meta property=\"og:url\" content=\"https:\/\/palmenhaus.de\/tagesaktuell\/\" \/>\n<meta property=\"og:site_name\" content=\"Palmenhaus\" \/>\n<meta property=\"article:publisher\" content=\"https:\/\/www.facebook.com\/SchlosscafePalmenhaus\" \/>\n<meta property=\"article:modified_time\" content=\"2025-02-07T10:33:02+00:00\" \/>\n<meta property=\"og:image\" content=\"https:\/\/palmenhaus.de\/wp-content\/uploads\/2020\/11\/bonuskarten-tisch_notebook-731212_1920-1024x738.jpg\" \/>\n<meta name=\"twitter:card\" content=\"summary_large_image\" \/>\n<meta name=\"twitter:label1\" content=\"Est. reading time\" \/>\n\t<meta name=\"twitter:data1\" content=\"3 minutes\" \/>\n<script type=\"application\/ld+json\" class=\"yoast-schema-graph\">{\"@context\":\"https:\/\/schema.org\",\"@graph\":[{\"@type\":\"WebPage\",\"@id\":\"https:\/\/palmenhaus.de\/tagesaktuell\/\",\"url\":\"https:\/\/palmenhaus.de\/tagesaktuell\/\",\"name\":\"Daily news - Palmenhaus\",\"isPartOf\":{\"@id\":\"https:\/\/palmenhaus.de\/#website\"},\"primaryImageOfPage\":{\"@id\":\"https:\/\/palmenhaus.de\/tagesaktuell\/#primaryimage\"},\"image\":{\"@id\":\"https:\/\/palmenhaus.de\/tagesaktuell\/#primaryimage\"},\"thumbnailUrl\":\"https:\/\/palmenhaus.de\/wp-content\/uploads\/2020\/11\/bonuskarten-tisch_notebook-731212_1920-1024x738.jpg\",\"datePublished\":\"2024-11-18T10:29:34+00:00\",\"dateModified\":\"2025-02-07T10:33:02+00:00\",\"description\":\"Current opening times and further information. We can be reached 24\/7 via info@palmenhaus.de, even during the winter closure period.\",\"breadcrumb\":{\"@id\":\"https:\/\/palmenhaus.de\/tagesaktuell\/#breadcrumb\"},\"inLanguage\":\"en-US\",\"potentialAction\":[{\"@type\":\"ReadAction\",\"target\":[\"https:\/\/palmenhaus.de\/tagesaktuell\/\"]}]},{\"@type\":\"ImageObject\",\"inLanguage\":\"en-US\",\"@id\":\"https:\/\/palmenhaus.de\/tagesaktuell\/#primaryimage\",\"url\":\"https:\/\/palmenhaus.de\/wp-content\/uploads\/2020\/11\/bonuskarten-tisch_notebook-731212_1920-1024x738.jpg\",\"contentUrl\":\"https:\/\/palmenhaus.de\/wp-content\/uploads\/2020\/11\/bonuskarten-tisch_notebook-731212_1920-1024x738.jpg\"},{\"@type\":\"BreadcrumbList\",\"@id\":\"https:\/\/palmenhaus.de\/tagesaktuell\/#breadcrumb\",\"itemListElement\":[{\"@type\":\"ListItem\",\"position\":1,\"name\":\"Startseite\",\"item\":\"https:\/\/palmenhaus.de\/en\/\"},{\"@type\":\"ListItem\",\"position\":2,\"name\":\"Daily news\"}]},{\"@type\":\"WebSite\",\"@id\":\"https:\/\/palmenhaus.de\/#website\",\"url\":\"https:\/\/palmenhaus.de\/\",\"name\":\"SCHLOSSCAFE IM PALMENHAUS\",\"description\":\"\",\"publisher\":{\"@id\":\"https:\/\/palmenhaus.de\/#organization\"},\"potentialAction\":[{\"@type\":\"SearchAction\",\"target\":{\"@type\":\"EntryPoint\",\"urlTemplate\":\"https:\/\/palmenhaus.de\/?s={search_term_string}\"},\"query-input\":{\"@type\":\"PropertyValueSpecification\",\"valueRequired\":true,\"valueName\":\"search_term_string\"}}],\"inLanguage\":\"en-US\"},{\"@type\":\"Organization\",\"@id\":\"https:\/\/palmenhaus.de\/#organization\",\"name\":\"SCHLOSSCAFE IM PALMENHAUS\",\"url\":\"https:\/\/palmenhaus.de\/\",\"logo\":{\"@type\":\"ImageObject\",\"inLanguage\":\"en-US\",\"@id\":\"https:\/\/palmenhaus.de\/#\/schema\/logo\/image\/\",\"url\":\"https:\/\/palmenhaus.de\/wp-content\/uploads\/2021\/10\/Zeichenfla\u0308che-3.png\",\"contentUrl\":\"https:\/\/palmenhaus.de\/wp-content\/uploads\/2021\/10\/Zeichenfla\u0308che-3.png\",\"width\":375,\"height\":311,\"caption\":\"SCHLOSSCAFE IM PALMENHAUS\"},\"image\":{\"@id\":\"https:\/\/palmenhaus.de\/#\/schema\/logo\/image\/\"},\"sameAs\":[\"https:\/\/www.facebook.com\/SchlosscafePalmenhaus\",\"https:\/\/www.instagram.com\/schlosscafeimpalmenhaus\/\",\"https:\/\/www.pinterest.de\/schlosscafeimpalmenhaus\/\"]}]}<\/script>\n<!-- \/ Yoast SEO plugin. -->","yoast_head_json":{"title":"Daily news - Palmenhaus","description":"Current opening times and further information. We can be reached 24\/7 via info@palmenhaus.de, even during the winter closure period.","robots":{"index":"index","follow":"follow","max-snippet":"max-snippet:-1","max-image-preview":"max-image-preview:large","max-video-preview":"max-video-preview:-1"},"canonical":"https:\/\/palmenhaus.de\/tagesaktuell\/","og_locale":"en_US","og_type":"article","og_title":"Daily news - Palmenhaus","og_description":"Current opening times and further information. We can be reached 24\/7 via info@palmenhaus.de, even during the winter closure period.","og_url":"https:\/\/palmenhaus.de\/tagesaktuell\/","og_site_name":"Palmenhaus","article_publisher":"https:\/\/www.facebook.com\/SchlosscafePalmenhaus","article_modified_time":"2025-02-07T10:33:02+00:00","og_image":[{"url":"https:\/\/palmenhaus.de\/wp-content\/uploads\/2020\/11\/bonuskarten-tisch_notebook-731212_1920-1024x738.jpg","type":"","width":"","height":""}],"twitter_card":"summary_large_image","twitter_misc":{"Est. reading time":"3 minutes"},"schema":{"@context":"https:\/\/schema.org","@graph":[{"@type":"WebPage","@id":"https:\/\/palmenhaus.de\/tagesaktuell\/","url":"https:\/\/palmenhaus.de\/tagesaktuell\/","name":"Daily news - Palmenhaus","isPartOf":{"@id":"https:\/\/palmenhaus.de\/#website"},"primaryImageOfPage":{"@id":"https:\/\/palmenhaus.de\/tagesaktuell\/#primaryimage"},"image":{"@id":"https:\/\/palmenhaus.de\/tagesaktuell\/#primaryimage"},"thumbnailUrl":"https:\/\/palmenhaus.de\/wp-content\/uploads\/2020\/11\/bonuskarten-tisch_notebook-731212_1920-1024x738.jpg","datePublished":"2024-11-18T10:29:34+00:00","dateModified":"2025-02-07T10:33:02+00:00","description":"Current opening times and further information. We can be reached 24\/7 via info@palmenhaus.de, even during the winter closure period.","breadcrumb":{"@id":"https:\/\/palmenhaus.de\/tagesaktuell\/#breadcrumb"},"inLanguage":"en-US","potentialAction":[{"@type":"ReadAction","target":["https:\/\/palmenhaus.de\/tagesaktuell\/"]}]},{"@type":"ImageObject","inLanguage":"en-US","@id":"https:\/\/palmenhaus.de\/tagesaktuell\/#primaryimage","url":"https:\/\/palmenhaus.de\/wp-content\/uploads\/2020\/11\/bonuskarten-tisch_notebook-731212_1920-1024x738.jpg","contentUrl":"https:\/\/palmenhaus.de\/wp-content\/uploads\/2020\/11\/bonuskarten-tisch_notebook-731212_1920-1024x738.jpg"},{"@type":"BreadcrumbList","@id":"https:\/\/palmenhaus.de\/tagesaktuell\/#breadcrumb","itemListElement":[{"@type":"ListItem","position":1,"name":"Startseite","item":"https:\/\/palmenhaus.de\/en\/"},{"@type":"ListItem","position":2,"name":"Daily news"}]},{"@type":"WebSite","@id":"https:\/\/palmenhaus.de\/#website","url":"https:\/\/palmenhaus.de\/","name":"SCHLOSSCAFE IM PALMENHAUS","description":"","publisher":{"@id":"https:\/\/palmenhaus.de\/#organization"},"potentialAction":[{"@type":"SearchAction","target":{"@type":"EntryPoint","urlTemplate":"https:\/\/palmenhaus.de\/?s={search_term_string}"},"query-input":{"@type":"PropertyValueSpecification","valueRequired":true,"valueName":"search_term_string"}}],"inLanguage":"en-US"},{"@type":"Organization","@id":"https:\/\/palmenhaus.de\/#organization","name":"SCHLOSSCAFE IM PALMENHAUS","url":"https:\/\/palmenhaus.de\/","logo":{"@type":"ImageObject","inLanguage":"en-US","@id":"https:\/\/palmenhaus.de\/#\/schema\/logo\/image\/","url":"https:\/\/palmenhaus.de\/wp-content\/uploads\/2021\/10\/Zeichenfla\u0308che-3.png","contentUrl":"https:\/\/palmenhaus.de\/wp-content\/uploads\/2021\/10\/Zeichenfla\u0308che-3.png","width":375,"height":311,"caption":"SCHLOSSCAFE IM PALMENHAUS"},"image":{"@id":"https:\/\/palmenhaus.de\/#\/schema\/logo\/image\/"},"sameAs":["https:\/\/www.facebook.com\/SchlosscafePalmenhaus","https:\/\/www.instagram.com\/schlosscafeimpalmenhaus\/","https:\/\/www.pinterest.de\/schlosscafeimpalmenhaus\/"]}]}},"_links":{"self":[{"href":"https:\/\/palmenhaus.de\/en\/wp-json\/wp\/v2\/pages\/18979","targetHints":{"allow":["GET"]}}],"collection":[{"href":"https:\/\/palmenhaus.de\/en\/wp-json\/wp\/v2\/pages"}],"about":[{"href":"https:\/\/palmenhaus.de\/en\/wp-json\/wp\/v2\/types\/page"}],"author":[{"embeddable":true,"href":"https:\/\/palmenhaus.de\/en\/wp-json\/wp\/v2\/users\/2"}],"replies":[{"embeddable":true,"href":"https:\/\/palmenhaus.de\/en\/wp-json\/wp\/v2\/comments?post=18979"}],"version-history":[{"count":29,"href":"https:\/\/palmenhaus.de\/en\/wp-json\/wp\/v2\/pages\/18979\/revisions"}],"predecessor-version":[{"id":24091,"href":"https:\/\/palmenhaus.de\/en\/wp-json\/wp\/v2\/pages\/18979\/revisions\/24091"}],"wp:attachment":[{"href":"https:\/\/palmenhaus.de\/en\/wp-json\/wp\/v2\/media?parent=18979"}],"curies":[{"name":"wp","href":"https:\/\/api.w.org\/{rel}","templated":true}]}}