{"id":13979,"date":"2017-06-19T15:52:45","date_gmt":"2017-06-19T13:52:45","guid":{"rendered":"http:\/\/palmenhaus.de\/impressum\/"},"modified":"2022-02-23T13:32:27","modified_gmt":"2022-02-23T12:32:27","slug":"imprint","status":"publish","type":"page","link":"https:\/\/palmenhaus.de\/en\/imprint\/","title":{"rendered":"Imprint"},"content":{"rendered":"<div class=\"vamtam-blank-space  vamtam-hide-lowres\" style=\"height:30px\"><\/div>\n<div class=\"limit-wrapper\"><div class=\"row \"><div class=\"vamtam-grid grid-1-1  vamtam-first-level grid-1-1  first unextended no-extended-padding\" style=\"padding-top:0.05px;padding-bottom:0.05px;\" id=\"vamtam-column-40b8d8f115aaa0357bf13c845a9138d4\" ><h2 class=\"text-theme\" style=\"text-align: left\">IMPRINT<\/h2>\n<h4 class=\"text-theme\" style=\"text-align: left\">CONTACT INFORMATION:<\/h4>\n<p style=\"text-align: left\">Schmidbauer Schlosscaf\u00e9 Palmenhaus KG<br \/>\nSchloss Nymphenburg, Eingang 43<br \/>\n80638 Munich<br \/>\nGermany<\/p>\n<p>Tel.: +49 89 17 53 09<br \/>\nFAX: +49 89 17 44 40<br \/>\nE-Mail:\u00a0<a href=\"mailto:info@palmenhaus.de\">info@palmenhaus.de<\/a><\/p>\n<p>Represented by: Josef Schmidbauer<br \/>\nRegistration in the commercial register.<br \/>\nRegister court: Amtsgericht M\u00fcnchen<br \/>\nRegistration number: HRA 75084<\/p>\n<p>Ust-ID:DE 198182053<\/p>\n<p>Website realization<br \/>\n<a href=\"http:\/\/www.zangemeister.net\">ZANGEMEISTER | KOMMUNIKATION | DESIGN<\/a><\/p><\/div><\/div><\/div>\n<div class=\"limit-wrapper\"><div class=\"sep-3\"><\/div><\/div>\n","protected":false},"excerpt":{"rendered":"<p>IMPRINT CONTACT INFORMATION: Schmidbauer Schlosscaf\u00e9 Palmenhaus KG Schloss Nymphenburg, Eingang 43 80638 Munich Germany Tel.: +49 89 17 53 09 FAX: +49 89 17 44 40 E-Mail:\u00a0info@palmenhaus.de Represented by: Josef Schmidbauer Registration in the commercial register. Register court: Amtsgericht M\u00fcnchen&#8230;<\/p>\n","protected":false},"author":1,"featured_media":0,"parent":0,"menu_order":34,"comment_status":"closed","ping_status":"open","template":"","meta":{"footnotes":""},"class_list":["post-13979","page","type-page","status-publish","hentry"],"yoast_head":"<!-- This site is optimized with the Yoast SEO plugin v26.7 - https:\/\/yoast.com\/wordpress\/plugins\/seo\/ -->\n<title>Imprint: Schmidbauer Schlosscaf\u00e9 Palmenhaus KG Schloss Nymphenburg<\/title>\n<meta name=\"description\" content=\"Imprint: Schmidbauer Schlosscaf\u00e9 Palmenhaus KG Schloss Nymphenburg, 80638 M\u00fcnchen Phone: + 49 89 17 53 09 FAX: +49 89 17 44 40 E-Mail: info@palmenhaus.de\" \/>\n<meta name=\"robots\" content=\"index, follow, max-snippet:-1, max-image-preview:large, max-video-preview:-1\" \/>\n<link rel=\"canonical\" href=\"https:\/\/palmenhaus.de\/impressum\/\" \/>\n<meta property=\"og:locale\" content=\"en_US\" \/>\n<meta property=\"og:type\" content=\"article\" \/>\n<meta property=\"og:title\" content=\"Imprint: Schmidbauer Schlosscaf\u00e9 Palmenhaus KG Schloss Nymphenburg\" \/>\n<meta property=\"og:description\" content=\"Imprint: Schmidbauer Schlosscaf\u00e9 Palmenhaus KG Schloss Nymphenburg, 80638 M\u00fcnchen Phone: + 49 89 17 53 09 FAX: +49 89 17 44 40 E-Mail: info@palmenhaus.de\" \/>\n<meta property=\"og:url\" content=\"https:\/\/palmenhaus.de\/impressum\/\" \/>\n<meta property=\"og:site_name\" content=\"Palmenhaus\" \/>\n<meta property=\"article:publisher\" content=\"https:\/\/www.facebook.com\/SchlosscafePalmenhaus\" \/>\n<meta property=\"article:modified_time\" content=\"2022-02-23T12:32:27+00:00\" \/>\n<meta name=\"twitter:card\" content=\"summary_large_image\" \/>\n<script type=\"application\/ld+json\" class=\"yoast-schema-graph\">{\"@context\":\"https:\/\/schema.org\",\"@graph\":[{\"@type\":\"WebPage\",\"@id\":\"https:\/\/palmenhaus.de\/impressum\/\",\"url\":\"https:\/\/palmenhaus.de\/impressum\/\",\"name\":\"Imprint: Schmidbauer Schlosscaf\u00e9 Palmenhaus KG Schloss Nymphenburg\",\"isPartOf\":{\"@id\":\"https:\/\/palmenhaus.de\/#website\"},\"datePublished\":\"2017-06-19T13:52:45+00:00\",\"dateModified\":\"2022-02-23T12:32:27+00:00\",\"description\":\"Imprint: Schmidbauer Schlosscaf\u00e9 Palmenhaus KG Schloss Nymphenburg, 80638 M\u00fcnchen Phone: + 49 89 17 53 09 FAX: +49 89 17 44 40 E-Mail: info@palmenhaus.de\",\"breadcrumb\":{\"@id\":\"https:\/\/palmenhaus.de\/impressum\/#breadcrumb\"},\"inLanguage\":\"en-US\",\"potentialAction\":[{\"@type\":\"ReadAction\",\"target\":[\"https:\/\/palmenhaus.de\/impressum\/\"]}]},{\"@type\":\"BreadcrumbList\",\"@id\":\"https:\/\/palmenhaus.de\/impressum\/#breadcrumb\",\"itemListElement\":[{\"@type\":\"ListItem\",\"position\":1,\"name\":\"Startseite\",\"item\":\"https:\/\/palmenhaus.de\/en\/\"},{\"@type\":\"ListItem\",\"position\":2,\"name\":\"Imprint\"}]},{\"@type\":\"WebSite\",\"@id\":\"https:\/\/palmenhaus.de\/#website\",\"url\":\"https:\/\/palmenhaus.de\/\",\"name\":\"SCHLOSSCAFE IM PALMENHAUS\",\"description\":\"\",\"publisher\":{\"@id\":\"https:\/\/palmenhaus.de\/#organization\"},\"potentialAction\":[{\"@type\":\"SearchAction\",\"target\":{\"@type\":\"EntryPoint\",\"urlTemplate\":\"https:\/\/palmenhaus.de\/?s={search_term_string}\"},\"query-input\":{\"@type\":\"PropertyValueSpecification\",\"valueRequired\":true,\"valueName\":\"search_term_string\"}}],\"inLanguage\":\"en-US\"},{\"@type\":\"Organization\",\"@id\":\"https:\/\/palmenhaus.de\/#organization\",\"name\":\"SCHLOSSCAFE IM PALMENHAUS\",\"url\":\"https:\/\/palmenhaus.de\/\",\"logo\":{\"@type\":\"ImageObject\",\"inLanguage\":\"en-US\",\"@id\":\"https:\/\/palmenhaus.de\/#\/schema\/logo\/image\/\",\"url\":\"https:\/\/palmenhaus.de\/wp-content\/uploads\/2021\/10\/Zeichenfla\u0308che-3.png\",\"contentUrl\":\"https:\/\/palmenhaus.de\/wp-content\/uploads\/2021\/10\/Zeichenfla\u0308che-3.png\",\"width\":375,\"height\":311,\"caption\":\"SCHLOSSCAFE IM PALMENHAUS\"},\"image\":{\"@id\":\"https:\/\/palmenhaus.de\/#\/schema\/logo\/image\/\"},\"sameAs\":[\"https:\/\/www.facebook.com\/SchlosscafePalmenhaus\",\"https:\/\/www.instagram.com\/schlosscafeimpalmenhaus\/\",\"https:\/\/www.pinterest.de\/schlosscafeimpalmenhaus\/\"]}]}<\/script>\n<!-- \/ Yoast SEO plugin. -->","yoast_head_json":{"title":"Imprint: Schmidbauer Schlosscaf\u00e9 Palmenhaus KG Schloss Nymphenburg","description":"Imprint: Schmidbauer Schlosscaf\u00e9 Palmenhaus KG Schloss Nymphenburg, 80638 M\u00fcnchen Phone: + 49 89 17 53 09 FAX: +49 89 17 44 40 E-Mail: info@palmenhaus.de","robots":{"index":"index","follow":"follow","max-snippet":"max-snippet:-1","max-image-preview":"max-image-preview:large","max-video-preview":"max-video-preview:-1"},"canonical":"https:\/\/palmenhaus.de\/impressum\/","og_locale":"en_US","og_type":"article","og_title":"Imprint: Schmidbauer Schlosscaf\u00e9 Palmenhaus KG Schloss Nymphenburg","og_description":"Imprint: Schmidbauer Schlosscaf\u00e9 Palmenhaus KG Schloss Nymphenburg, 80638 M\u00fcnchen Phone: + 49 89 17 53 09 FAX: +49 89 17 44 40 E-Mail: info@palmenhaus.de","og_url":"https:\/\/palmenhaus.de\/impressum\/","og_site_name":"Palmenhaus","article_publisher":"https:\/\/www.facebook.com\/SchlosscafePalmenhaus","article_modified_time":"2022-02-23T12:32:27+00:00","twitter_card":"summary_large_image","schema":{"@context":"https:\/\/schema.org","@graph":[{"@type":"WebPage","@id":"https:\/\/palmenhaus.de\/impressum\/","url":"https:\/\/palmenhaus.de\/impressum\/","name":"Imprint: Schmidbauer Schlosscaf\u00e9 Palmenhaus KG Schloss Nymphenburg","isPartOf":{"@id":"https:\/\/palmenhaus.de\/#website"},"datePublished":"2017-06-19T13:52:45+00:00","dateModified":"2022-02-23T12:32:27+00:00","description":"Imprint: Schmidbauer Schlosscaf\u00e9 Palmenhaus KG Schloss Nymphenburg, 80638 M\u00fcnchen Phone: + 49 89 17 53 09 FAX: +49 89 17 44 40 E-Mail: info@palmenhaus.de","breadcrumb":{"@id":"https:\/\/palmenhaus.de\/impressum\/#breadcrumb"},"inLanguage":"en-US","potentialAction":[{"@type":"ReadAction","target":["https:\/\/palmenhaus.de\/impressum\/"]}]},{"@type":"BreadcrumbList","@id":"https:\/\/palmenhaus.de\/impressum\/#breadcrumb","itemListElement":[{"@type":"ListItem","position":1,"name":"Startseite","item":"https:\/\/palmenhaus.de\/en\/"},{"@type":"ListItem","position":2,"name":"Imprint"}]},{"@type":"WebSite","@id":"https:\/\/palmenhaus.de\/#website","url":"https:\/\/palmenhaus.de\/","name":"SCHLOSSCAFE IM PALMENHAUS","description":"","publisher":{"@id":"https:\/\/palmenhaus.de\/#organization"},"potentialAction":[{"@type":"SearchAction","target":{"@type":"EntryPoint","urlTemplate":"https:\/\/palmenhaus.de\/?s={search_term_string}"},"query-input":{"@type":"PropertyValueSpecification","valueRequired":true,"valueName":"search_term_string"}}],"inLanguage":"en-US"},{"@type":"Organization","@id":"https:\/\/palmenhaus.de\/#organization","name":"SCHLOSSCAFE IM PALMENHAUS","url":"https:\/\/palmenhaus.de\/","logo":{"@type":"ImageObject","inLanguage":"en-US","@id":"https:\/\/palmenhaus.de\/#\/schema\/logo\/image\/","url":"https:\/\/palmenhaus.de\/wp-content\/uploads\/2021\/10\/Zeichenfla\u0308che-3.png","contentUrl":"https:\/\/palmenhaus.de\/wp-content\/uploads\/2021\/10\/Zeichenfla\u0308che-3.png","width":375,"height":311,"caption":"SCHLOSSCAFE IM PALMENHAUS"},"image":{"@id":"https:\/\/palmenhaus.de\/#\/schema\/logo\/image\/"},"sameAs":["https:\/\/www.facebook.com\/SchlosscafePalmenhaus","https:\/\/www.instagram.com\/schlosscafeimpalmenhaus\/","https:\/\/www.pinterest.de\/schlosscafeimpalmenhaus\/"]}]}},"_links":{"self":[{"href":"https:\/\/palmenhaus.de\/en\/wp-json\/wp\/v2\/pages\/13979","targetHints":{"allow":["GET"]}}],"collection":[{"href":"https:\/\/palmenhaus.de\/en\/wp-json\/wp\/v2\/pages"}],"about":[{"href":"https:\/\/palmenhaus.de\/en\/wp-json\/wp\/v2\/types\/page"}],"author":[{"embeddable":true,"href":"https:\/\/palmenhaus.de\/en\/wp-json\/wp\/v2\/users\/1"}],"replies":[{"embeddable":true,"href":"https:\/\/palmenhaus.de\/en\/wp-json\/wp\/v2\/comments?post=13979"}],"version-history":[{"count":3,"href":"https:\/\/palmenhaus.de\/en\/wp-json\/wp\/v2\/pages\/13979\/revisions"}],"predecessor-version":[{"id":14079,"href":"https:\/\/palmenhaus.de\/en\/wp-json\/wp\/v2\/pages\/13979\/revisions\/14079"}],"wp:attachment":[{"href":"https:\/\/palmenhaus.de\/en\/wp-json\/wp\/v2\/media?parent=13979"}],"curies":[{"name":"wp","href":"https:\/\/api.w.org\/{rel}","templated":true}]}}