{"id":13866,"date":"2014-04-23T10:34:55","date_gmt":"2014-04-23T10:34:55","guid":{"rendered":"http:\/\/palmenhaus.de\/?page_id=13866\/"},"modified":"2022-02-23T13:32:28","modified_gmt":"2022-02-23T12:32:28","slug":"team","status":"publish","type":"page","link":"https:\/\/palmenhaus.de\/en\/team\/","title":{"rendered":"Team"},"content":{"rendered":"<div class=\"vamtam-blank-space  vamtam-hide-lowres\" style=\"height:60px\"><\/div>\n<div class=\"limit-wrapper\"><div class=\"row \"><div class=\"vamtam-grid grid-1-1  vamtam-first-level grid-1-1  first has-horizontal-padding unextended left-border no-extended-padding\" style=\"padding-top:0.05px;padding-bottom:0.05px;padding-left:125px;padding-right:125px;\" id=\"vamtam-column-1c2aca3c13f315e8953b193dc1ba674f\" ><style>#vamtam-column-1c2aca3c13f315e8953b193dc1ba674f:before{background-color:#fff;}<\/style><div class=\"row \"><div class=\"vamtam-grid grid-1-1  grid-1-1  first unextended no-extended-padding\" style=\"padding-top:0.05px;padding-bottom:0.05px;\" id=\"vamtam-column-e92b44cf568c2b70ff11b69b6a93b86a\" ><h3 style=\"text-align: center\">&#8220;We cook with love for the guest, to the product and create tasty memories.&#8221;<\/h3>\n<h6 class=\"ph-font-style-2 with-color\" style=\"text-align: center\">Josef A. Schmidbauer<\/h6>\n<span class=\"vamtam-blank-space \" style=\"height:10px\"><\/span>\n<p style=\"text-align: center\">\u2748<\/p><\/div><\/div><\/div><\/div><\/div>\n<div class=\"vamtam-blank-space \" style=\"height:60px\"><\/div>\n<div class=\"limit-wrapper\"><div class=\"row \"><div class=\"vamtam-grid grid-1-4  vamtam-first-level grid-1-4  first unextended no-extended-padding\" style=\"padding-top:0.05px;padding-bottom:0.05px;\" id=\"vamtam-column-8a17fffc7ea744e17aa0f0feda061579\" ><div class=\"team-member has-content\">\n\t\t<div class=\"thumbnail\">\n\t\t\t\t\t<a href=\"#\" title=\"Josef Schmidbauer\">\n\t\t\t\t\t<img decoding=\"async\" width=\"650\" height=\"720\" src=\"https:\/\/palmenhaus.de\/wp-content\/uploads\/2014\/04\/josef_schmidbauer.jpg\" class=\"attachment-full size-full\" alt=\"\" srcset=\"https:\/\/palmenhaus.de\/wp-content\/uploads\/2014\/04\/josef_schmidbauer.jpg 650w, https:\/\/palmenhaus.de\/wp-content\/uploads\/2014\/04\/josef_schmidbauer-271x300.jpg 271w, https:\/\/palmenhaus.de\/wp-content\/uploads\/2014\/04\/josef_schmidbauer-615x681.jpg 615w, https:\/\/palmenhaus.de\/wp-content\/uploads\/2014\/04\/josef_schmidbauer-400x443.jpg 400w, https:\/\/palmenhaus.de\/wp-content\/uploads\/2014\/04\/josef_schmidbauer-292x323.jpg 292w, https:\/\/palmenhaus.de\/wp-content\/uploads\/2014\/04\/josef_schmidbauer-585x648.jpg 585w\" sizes=\"(max-width: 650px) 100vw, 650px\" \/>\t\t\t\t\t<\/a>\n\t\t\n\t\t<div class=\"share-icons clearfix\">\n\t\t\t\t\t<\/div>\n\t<\/div>\n\t\t<div class=\"team-member-info\">\n\t\t<h4>\n\t\t\t\t\t\t\t<a href=\"#\" title=\"Josef Schmidbauer\">\n\t\t\t\t\t\t\tJosef Schmidbauer\t\t\t\t\t\t\t<\/a>\n\t\t\t\t\t<\/h4>\n\t\t\t\t\t<h6 class=\"regular-title-wrapper team-member-position\"> TENANT <\/h6>\n\t\t\t\t\t\t\t<div class=\"team-member-phone\"><a href=\"tel:http:\/\/(089)%2017%2053%2009\" title=\"Call Josef Schmidbauer\">Tel: (089) 17 53 09<\/a><\/div>\n\t\t\t\t\t\t\t<div><a href=\"mailto:http:\/\/Info@palmenhaus.de\" title=\"email Josef Schmidbauer\">Info@palmenhaus.de<\/a><\/div>\n\t\t\n\t\t\t\t\t<div class=\"team-member-bio\">\n\t\t\t\t<p>Since 1980 family Schmidbauer runs the Schlosscaf\u00e9 im Palmenhaus. Meanwhile son Josef Anton Schmidbauer leads the caf\u00e9 in the third generation. Family Schmidbauer is an old Munich catering family, which has been running the Ammer H\u00fchnerbraterei at the Oktoberfest for about 120 years.<\/p>\n<p><a href=\"http:\/\/www.schloesser.bayern.de\/deutsch\/presse\/archiv05\/nymphenburg\/paechter.htm\" target=\"_blank\" rel=\"noopener noreferrer\">More Information<\/a><\/p>\t\t\t<\/div>\n\t\t\n\t<\/div>\n\n<\/div>\n<\/div>\n<div class=\"vamtam-grid grid-1-4  vamtam-first-level grid-1-4  unextended no-extended-padding\" style=\"padding-top:0.05px;padding-bottom:0.05px;\" id=\"vamtam-column-7bcbdc2c0c308c69cf9755766bf9e13f\" ><div class=\"team-member has-content\">\n\t\t<div class=\"thumbnail\">\n\t\t\t\t\t<a href=\"#\" title=\"Claudia Trott\">\n\t\t\t\t\t<img decoding=\"async\" width=\"650\" height=\"720\" src=\"https:\/\/palmenhaus.de\/wp-content\/uploads\/2014\/04\/Claudia_trott.jpg\" class=\"attachment-full size-full\" alt=\"\" srcset=\"https:\/\/palmenhaus.de\/wp-content\/uploads\/2014\/04\/Claudia_trott.jpg 650w, https:\/\/palmenhaus.de\/wp-content\/uploads\/2014\/04\/Claudia_trott-271x300.jpg 271w, https:\/\/palmenhaus.de\/wp-content\/uploads\/2014\/04\/Claudia_trott-615x681.jpg 615w, https:\/\/palmenhaus.de\/wp-content\/uploads\/2014\/04\/Claudia_trott-400x443.jpg 400w, https:\/\/palmenhaus.de\/wp-content\/uploads\/2014\/04\/Claudia_trott-292x323.jpg 292w, https:\/\/palmenhaus.de\/wp-content\/uploads\/2014\/04\/Claudia_trott-585x648.jpg 585w\" sizes=\"(max-width: 650px) 100vw, 650px\" \/>\t\t\t\t\t<\/a>\n\t\t\n\t\t<div class=\"share-icons clearfix\">\n\t\t\t\t\t<\/div>\n\t<\/div>\n\t\t<div class=\"team-member-info\">\n\t\t<h4>\n\t\t\t\t\t\t\t<a href=\"#\" title=\"Claudia Trott\">\n\t\t\t\t\t\t\tClaudia Trott\t\t\t\t\t\t\t<\/a>\n\t\t\t\t\t<\/h4>\n\t\t\t\t\t<h6 class=\"regular-title-wrapper team-member-position\"> MANAGEMENT AND EVENT MANAGEMENT <\/h6>\n\t\t\t\t\t\t\t<div class=\"team-member-phone\"><a href=\"tel:http:\/\/(089)%20175309\" title=\"Call Claudia Trott\">Tel: (089) 175309<\/a><\/div>\n\t\t\t\t\t\t\t<div><a href=\"mailto:http:\/\/Info@palmenhaus.de\" title=\"email Claudia Trott\">Info@palmenhaus.de<\/a><\/div>\n\t\t\n\t\t\t\t\t<div class=\"team-member-bio\">\n\t\t\t\t<p>Whether you want to host a corporate event in Schlosscaf\u00e9 Im Palmenhaus or a family celebration, we\u00a0fulfill your desires.<br \/>\nOur philosophy: a celebration \u2013 a work of art \u2013 always.<br \/>\nWhat remains: lasting enjoyment of the experience.<br \/>\nEspecially at your company party in the Schlosscaf\u00e9 Im Palmenhaus you\u00a0add\u00a0an\u00a0elegant note\u00a0to your event, with which you will leave a lasting impression.<\/p>\t\t\t<\/div>\n\t\t\n\t<\/div>\n\n<\/div>\n<\/div>\n<div class=\"vamtam-grid grid-1-4  vamtam-first-level grid-1-4  unextended no-extended-padding\" style=\"padding-top:0.05px;padding-bottom:0.05px;\" id=\"vamtam-column-69e2782b1267b7e53b59696a3de98b3b\" ><div class=\"team-member has-content\">\n\t\t<div class=\"thumbnail\">\n\t\t\t\t\t<a href=\"#\" title=\"Shorena Wastian\">\n\t\t\t\t\t<img decoding=\"async\" width=\"650\" height=\"720\" src=\"https:\/\/palmenhaus.de\/wp-content\/uploads\/2014\/04\/Shorena_Wastian.jpg\" class=\"attachment-full size-full\" alt=\"\" srcset=\"https:\/\/palmenhaus.de\/wp-content\/uploads\/2014\/04\/Shorena_Wastian.jpg 650w, https:\/\/palmenhaus.de\/wp-content\/uploads\/2014\/04\/Shorena_Wastian-271x300.jpg 271w, https:\/\/palmenhaus.de\/wp-content\/uploads\/2014\/04\/Shorena_Wastian-615x681.jpg 615w, https:\/\/palmenhaus.de\/wp-content\/uploads\/2014\/04\/Shorena_Wastian-400x443.jpg 400w, https:\/\/palmenhaus.de\/wp-content\/uploads\/2014\/04\/Shorena_Wastian-292x323.jpg 292w, https:\/\/palmenhaus.de\/wp-content\/uploads\/2014\/04\/Shorena_Wastian-585x648.jpg 585w\" sizes=\"(max-width: 650px) 100vw, 650px\" \/>\t\t\t\t\t<\/a>\n\t\t\n\t\t<div class=\"share-icons clearfix\">\n\t\t\t\t\t<\/div>\n\t<\/div>\n\t\t<div class=\"team-member-info\">\n\t\t<h4>\n\t\t\t\t\t\t\t<a href=\"#\" title=\"Shorena Wastian\">\n\t\t\t\t\t\t\tShorena Wastian\t\t\t\t\t\t\t<\/a>\n\t\t\t\t\t<\/h4>\n\t\t\t\t\t<h6 class=\"regular-title-wrapper team-member-position\"> SERVICE - EVENT MANAGEMENT <\/h6>\n\t\t\t\t\t\t\n\t\t\t\t\t<div class=\"team-member-bio\">\n\t\t\t\t<p>Shorena Wastian has been working at the Schlosscaf\u00e9 for more than 17 years.<\/p>\t\t\t<\/div>\n\t\t\n\t<\/div>\n\n<\/div>\n<\/div>\n<div class=\"vamtam-grid grid-1-4  vamtam-first-level grid-1-4  unextended no-extended-padding\" style=\"padding-top:0.05px;padding-bottom:0.05px;\" id=\"vamtam-column-f8e5a9ecc86f60a7353a602f48662cde\" ><div class=\"team-member has-content\">\n\t\t<div class=\"thumbnail\">\n\t\t\t\t\t<a href=\"#\" title=\"Claudia Wimmer\">\n\t\t\t\t\t<img decoding=\"async\" width=\"650\" height=\"720\" src=\"https:\/\/palmenhaus.de\/wp-content\/uploads\/2014\/04\/Claudia_Wimmer.jpg\" class=\"attachment-full size-full\" alt=\"\" srcset=\"https:\/\/palmenhaus.de\/wp-content\/uploads\/2014\/04\/Claudia_Wimmer.jpg 650w, https:\/\/palmenhaus.de\/wp-content\/uploads\/2014\/04\/Claudia_Wimmer-271x300.jpg 271w, https:\/\/palmenhaus.de\/wp-content\/uploads\/2014\/04\/Claudia_Wimmer-615x681.jpg 615w, https:\/\/palmenhaus.de\/wp-content\/uploads\/2014\/04\/Claudia_Wimmer-400x443.jpg 400w, https:\/\/palmenhaus.de\/wp-content\/uploads\/2014\/04\/Claudia_Wimmer-292x323.jpg 292w, https:\/\/palmenhaus.de\/wp-content\/uploads\/2014\/04\/Claudia_Wimmer-585x648.jpg 585w\" sizes=\"(max-width: 650px) 100vw, 650px\" \/>\t\t\t\t\t<\/a>\n\t\t\n\t\t<div class=\"share-icons clearfix\">\n\t\t\t\t\t<\/div>\n\t<\/div>\n\t\t<div class=\"team-member-info\">\n\t\t<h4>\n\t\t\t\t\t\t\t<a href=\"#\" title=\"Claudia Wimmer\">\n\t\t\t\t\t\t\tClaudia Wimmer\t\t\t\t\t\t\t<\/a>\n\t\t\t\t\t<\/h4>\n\t\t\t\t\t<h6 class=\"regular-title-wrapper team-member-position\"> COSTUMER SUPPORT <\/h6>\n\t\t\t\t\t\t\t<div class=\"team-member-phone\"><a href=\"tel:http:\/\/(089)%2017%2053%2009\" title=\"Call Claudia Wimmer\">Tel: (089) 17 53 09<\/a><\/div>\n\t\t\t\t\t\t\t<div><a href=\"mailto:http:\/\/info@palmenhaus.de\" title=\"email Claudia Wimmer\">info@palmenhaus.de<\/a><\/div>\n\t\t\n\t\t\t\t\t<div class=\"team-member-bio\">\n\t\t\t\t<p>Since 2000, Claudia Wimmer has been in charge of the planning and supports our clients in the execution of events at Schlo\u00dfcaf\u00e9 Im Palmenhaus.<\/p>\t\t\t<\/div>\n\t\t\n\t<\/div>\n\n<\/div>\n<\/div><\/div><\/div>\n<div class=\"vamtam-blank-space \" style=\"height:30px\"><\/div>\n<div class=\"limit-wrapper\"><div class=\"row \"><div class=\"vamtam-grid grid-1-1  vamtam-first-level grid-1-1  first unextended animation-fade-in animated-active no-extended-padding\" style=\"padding-top:0.05px;padding-bottom:0.05px;\" id=\"vamtam-column-e54359122d9ed7e3a0d984070c4476e1\" ><p style=\"text-align: center\">\u2748<\/p><\/div><\/div><\/div>\n<div class=\"vamtam-blank-space  vamtam-hide-lowres\" style=\"height:60px\"><\/div>\n<div class=\"limit-wrapper\"><div class=\"row \"><div class=\"vamtam-grid grid-1-4  vamtam-first-level grid-1-4  first unextended no-extended-padding\" style=\"padding-top:0.05px;padding-bottom:0.05px;\" id=\"vamtam-column-657f42f60d49ad1f9207455f8c148ea8\" ><div class=\"team-member has-content\">\n\t\t<div class=\"thumbnail\">\n\t\t\t\t\t<a href=\"#\" title=\"Elisabeth Eimer\">\n\t\t\t\t\t<img decoding=\"async\" width=\"650\" height=\"720\" src=\"https:\/\/palmenhaus.de\/wp-content\/uploads\/2014\/04\/Elisabeth_Eimer.jpg\" class=\"attachment-full size-full\" alt=\"\" srcset=\"https:\/\/palmenhaus.de\/wp-content\/uploads\/2014\/04\/Elisabeth_Eimer.jpg 650w, https:\/\/palmenhaus.de\/wp-content\/uploads\/2014\/04\/Elisabeth_Eimer-271x300.jpg 271w, https:\/\/palmenhaus.de\/wp-content\/uploads\/2014\/04\/Elisabeth_Eimer-615x681.jpg 615w, https:\/\/palmenhaus.de\/wp-content\/uploads\/2014\/04\/Elisabeth_Eimer-400x443.jpg 400w, https:\/\/palmenhaus.de\/wp-content\/uploads\/2014\/04\/Elisabeth_Eimer-292x323.jpg 292w, https:\/\/palmenhaus.de\/wp-content\/uploads\/2014\/04\/Elisabeth_Eimer-585x648.jpg 585w\" sizes=\"(max-width: 650px) 100vw, 650px\" \/>\t\t\t\t\t<\/a>\n\t\t\n\t\t<div class=\"share-icons clearfix\">\n\t\t\t\t\t<\/div>\n\t<\/div>\n\t\t<div class=\"team-member-info\">\n\t\t<h4>\n\t\t\t\t\t\t\t<a href=\"#\" title=\"Elisabeth Eimer\">\n\t\t\t\t\t\t\tElisabeth Eimer\t\t\t\t\t\t\t<\/a>\n\t\t\t\t\t<\/h4>\n\t\t\t\t\t<h6 class=\"regular-title-wrapper team-member-position\"> COUNTER <\/h6>\n\t\t\t\t\t\t\n\t\t\t\t\t<div class=\"team-member-bio\">\n\t\t\t\t<p>Elisabeth Eimer has worked both at the counter and at the kiosk since 2014.<\/p>\t\t\t<\/div>\n\t\t\n\t<\/div>\n\n<\/div>\n<\/div><\/div><\/div>\n<div class=\"vamtam-blank-space \" style=\"height:40px\"><\/div>\n<div class=\"row \"><div class=\"vamtam-grid grid-1-1  vamtam-first-level grid-1-1  first has-background extended-content unextended left-border no-extended-padding\" style=\"background-color:#F6F6F6;padding-top:60px;padding-bottom:60px;\" id=\"vamtam-column-59799104f1a25d127955879b0bd68e43\" ><div class=\"extended-column-inner\"><style>#vamtam-column-59799104f1a25d127955879b0bd68e43,#vamtam-column-59799104f1a25d127955879b0bd68e43 p,#vamtam-column-59799104f1a25d127955879b0bd68e43 em,#vamtam-column-59799104f1a25d127955879b0bd68e43 h1,#vamtam-column-59799104f1a25d127955879b0bd68e43 h2,#vamtam-column-59799104f1a25d127955879b0bd68e43 h3,#vamtam-column-59799104f1a25d127955879b0bd68e43 h4,#vamtam-column-59799104f1a25d127955879b0bd68e43 h5,#vamtam-column-59799104f1a25d127955879b0bd68e43 h6,#vamtam-column-59799104f1a25d127955879b0bd68e43 h1 a:not(:hover),#vamtam-column-59799104f1a25d127955879b0bd68e43 h2 a:not(:hover),#vamtam-column-59799104f1a25d127955879b0bd68e43 h3 a:not(:hover),#vamtam-column-59799104f1a25d127955879b0bd68e43 h4 a:not(:hover),#vamtam-column-59799104f1a25d127955879b0bd68e43 h5 a:not(:hover),#vamtam-column-59799104f1a25d127955879b0bd68e43 h6 a:not(:hover),#vamtam-column-59799104f1a25d127955879b0bd68e43 .column-title,#vamtam-column-59799104f1a25d127955879b0bd68e43 .sep-text h2.regular-title-wrapper,#vamtam-column-59799104f1a25d127955879b0bd68e43 .text-divider-double,#vamtam-column-59799104f1a25d127955879b0bd68e43 .sep-text .sep-text-line,#vamtam-column-59799104f1a25d127955879b0bd68e43 .sep,#vamtam-column-59799104f1a25d127955879b0bd68e43 .sep-2,#vamtam-column-59799104f1a25d127955879b0bd68e43 .sep-3,#vamtam-column-59799104f1a25d127955879b0bd68e43 .portfolio-filters .inner-wrapper .cbp-filter-item,#vamtam-column-59799104f1a25d127955879b0bd68e43 .portfolio-filters .inner-wrapper .cbp-filter-item:hover,#vamtam-column-59799104f1a25d127955879b0bd68e43 .portfolio-filters .inner-wrapper .cbp-filter-item.cbp-filter-item-active,#vamtam-column-59799104f1a25d127955879b0bd68e43 td,#vamtam-column-59799104f1a25d127955879b0bd68e43 th,#vamtam-column-59799104f1a25d127955879b0bd68e43 caption{color:#2a2a2a;}#vamtam-column-59799104f1a25d127955879b0bd68e43:before{background-color:#fff;}<\/style><div class=\"vamtam-blank-space  vamtam-hide-lowres\" style=\"height:40px\"><\/div>\n<div class=\"row \"><div class=\"vamtam-grid grid-1-1  grid-1-1  first unextended animation-fade-in animated-active no-extended-padding\" style=\"padding-top:0.05px;padding-bottom:0.05px;\" id=\"vamtam-column-230d12b4da31512be858bc0033f6cd47\" ><p style=\"text-align: center\"><span class='icon shortcode theme  use-hover' style='color:#000000;font-size:100px !important;'>&#59658;<\/span> <span class=\"vamtam-blank-space  vamtam-hide-lowres\" style=\"margin-bottom:-10px\"><\/span>\n<h3 style=\"text-align: center\">Become part of our team!<\/h3>\n<p style=\"text-align: center\">Thank you for your interest in working with us. We look forward to hearing from you, how you would like to work with us.<br \/>\nPlease contact us. Click here for our <a href=\"https:\/\/palmenhaus.de\/en\/kontakt\/\">contact form<\/a>.<span class=\"vamtam-blank-space \" style=\"height:10px\"><\/span>\n<p style=\"text-align: center\"><p class=\"textcenter\"><a href=\"\/en\/kontakt\/\" target=\"_self\" style='font-size: 12px;' class=\"vamtam-button accent1  button-border hover-accent1 \"><span class=\"btext\" data-text=\"APPLY NOW\" style=\"color:#000000\">APPLY NOW<\/span><\/a><\/p>\n<p><img decoding=\"async\" class=\"wp-image-13345 aligncenter\" src=\"https:\/\/palmenhaus.de\/wp-content\/uploads\/2017\/08\/arbeitsweg_Schlosscafe-300x111.jpg\" alt=\"\" width=\"919\" height=\"340\" srcset=\"https:\/\/palmenhaus.de\/wp-content\/uploads\/2017\/08\/arbeitsweg_Schlosscafe-300x111.jpg 300w, https:\/\/palmenhaus.de\/wp-content\/uploads\/2017\/08\/arbeitsweg_Schlosscafe-768x284.jpg 768w, https:\/\/palmenhaus.de\/wp-content\/uploads\/2017\/08\/arbeitsweg_Schlosscafe-1024x379.jpg 1024w, https:\/\/palmenhaus.de\/wp-content\/uploads\/2017\/08\/arbeitsweg_Schlosscafe-1260x466.jpg 1260w, https:\/\/palmenhaus.de\/wp-content\/uploads\/2017\/08\/arbeitsweg_Schlosscafe-615x228.jpg 615w, https:\/\/palmenhaus.de\/wp-content\/uploads\/2017\/08\/arbeitsweg_Schlosscafe-1230x455.jpg 1230w, https:\/\/palmenhaus.de\/wp-content\/uploads\/2017\/08\/arbeitsweg_Schlosscafe-400x148.jpg 400w, https:\/\/palmenhaus.de\/wp-content\/uploads\/2017\/08\/arbeitsweg_Schlosscafe-800x296.jpg 800w, https:\/\/palmenhaus.de\/wp-content\/uploads\/2017\/08\/arbeitsweg_Schlosscafe-292x108.jpg 292w, https:\/\/palmenhaus.de\/wp-content\/uploads\/2017\/08\/arbeitsweg_Schlosscafe-585x216.jpg 585w, https:\/\/palmenhaus.de\/wp-content\/uploads\/2017\/08\/arbeitsweg_Schlosscafe.jpg 2000w\" sizes=\"(max-width: 919px) 100vw, 919px\" \/><\/p><\/div><\/div>\n<div class=\"vamtam-blank-space  vamtam-hide-lowres\" style=\"height:40px\"><\/div><\/div><\/div><\/div>\n","protected":false},"excerpt":{"rendered":"<p>&#8220;We cook with love for the guest, to the product and create tasty memories.&#8221; Josef A. Schmidbauer \u2748 \u2748 Become part of our team! Thank you for your interest in working with us. We look forward to hearing from you,&#8230;<\/p>\n","protected":false},"author":1,"featured_media":0,"parent":0,"menu_order":40,"comment_status":"closed","ping_status":"closed","template":"","meta":{"footnotes":""},"class_list":["post-13866","page","type-page","status-publish","hentry"],"yoast_head":"<!-- This site is optimized with the Yoast SEO plugin v26.7 - https:\/\/yoast.com\/wordpress\/plugins\/seo\/ -->\n<title>The team in the Schlosscaf\u00e9 im Palmenhaus, Nymphenburg Palace<\/title>\n<meta name=\"description\" content=\"The team and I cook with love for the guest, the food and the palm house. The team of Schlosscaf\u00e9 Palmenhaus is looking forward to your visit.\" \/>\n<meta name=\"robots\" content=\"index, follow, max-snippet:-1, max-image-preview:large, max-video-preview:-1\" \/>\n<link rel=\"canonical\" href=\"https:\/\/palmenhaus.de\/team\/\" \/>\n<meta property=\"og:locale\" content=\"en_US\" \/>\n<meta property=\"og:type\" content=\"article\" \/>\n<meta property=\"og:title\" content=\"The team in the Schlosscaf\u00e9 im Palmenhaus, Nymphenburg Palace\" \/>\n<meta property=\"og:description\" content=\"The team and I cook with love for the guest, the food and the palm house. The team of Schlosscaf\u00e9 Palmenhaus is looking forward to your visit.\" \/>\n<meta property=\"og:url\" content=\"https:\/\/palmenhaus.de\/team\/\" \/>\n<meta property=\"og:site_name\" content=\"Palmenhaus\" \/>\n<meta property=\"article:publisher\" content=\"https:\/\/www.facebook.com\/SchlosscafePalmenhaus\" \/>\n<meta property=\"article:modified_time\" content=\"2022-02-23T12:32:28+00:00\" \/>\n<meta property=\"og:image\" content=\"https:\/\/palmenhaus.de\/wp-content\/uploads\/2017\/08\/arbeitsweg_Schlosscafe-300x111.jpg\" \/>\n<meta name=\"twitter:card\" content=\"summary_large_image\" \/>\n<meta name=\"twitter:label1\" content=\"Est. reading time\" \/>\n\t<meta name=\"twitter:data1\" content=\"4 minutes\" \/>\n<script type=\"application\/ld+json\" class=\"yoast-schema-graph\">{\"@context\":\"https:\/\/schema.org\",\"@graph\":[{\"@type\":\"WebPage\",\"@id\":\"https:\/\/palmenhaus.de\/team\/\",\"url\":\"https:\/\/palmenhaus.de\/team\/\",\"name\":\"The team in the Schlosscaf\u00e9 im Palmenhaus, Nymphenburg Palace\",\"isPartOf\":{\"@id\":\"https:\/\/palmenhaus.de\/#website\"},\"primaryImageOfPage\":{\"@id\":\"https:\/\/palmenhaus.de\/team\/#primaryimage\"},\"image\":{\"@id\":\"https:\/\/palmenhaus.de\/team\/#primaryimage\"},\"thumbnailUrl\":\"https:\/\/palmenhaus.de\/wp-content\/uploads\/2017\/08\/arbeitsweg_Schlosscafe-300x111.jpg\",\"datePublished\":\"2014-04-23T10:34:55+00:00\",\"dateModified\":\"2022-02-23T12:32:28+00:00\",\"description\":\"The team and I cook with love for the guest, the food and the palm house. The team of Schlosscaf\u00e9 Palmenhaus is looking forward to your visit.\",\"breadcrumb\":{\"@id\":\"https:\/\/palmenhaus.de\/team\/#breadcrumb\"},\"inLanguage\":\"en-US\",\"potentialAction\":[{\"@type\":\"ReadAction\",\"target\":[\"https:\/\/palmenhaus.de\/team\/\"]}]},{\"@type\":\"ImageObject\",\"inLanguage\":\"en-US\",\"@id\":\"https:\/\/palmenhaus.de\/team\/#primaryimage\",\"url\":\"https:\/\/palmenhaus.de\/wp-content\/uploads\/2017\/08\/arbeitsweg_Schlosscafe-300x111.jpg\",\"contentUrl\":\"https:\/\/palmenhaus.de\/wp-content\/uploads\/2017\/08\/arbeitsweg_Schlosscafe-300x111.jpg\"},{\"@type\":\"BreadcrumbList\",\"@id\":\"https:\/\/palmenhaus.de\/team\/#breadcrumb\",\"itemListElement\":[{\"@type\":\"ListItem\",\"position\":1,\"name\":\"Startseite\",\"item\":\"https:\/\/palmenhaus.de\/en\/\"},{\"@type\":\"ListItem\",\"position\":2,\"name\":\"Team\"}]},{\"@type\":\"WebSite\",\"@id\":\"https:\/\/palmenhaus.de\/#website\",\"url\":\"https:\/\/palmenhaus.de\/\",\"name\":\"SCHLOSSCAFE IM PALMENHAUS\",\"description\":\"\",\"publisher\":{\"@id\":\"https:\/\/palmenhaus.de\/#organization\"},\"potentialAction\":[{\"@type\":\"SearchAction\",\"target\":{\"@type\":\"EntryPoint\",\"urlTemplate\":\"https:\/\/palmenhaus.de\/?s={search_term_string}\"},\"query-input\":{\"@type\":\"PropertyValueSpecification\",\"valueRequired\":true,\"valueName\":\"search_term_string\"}}],\"inLanguage\":\"en-US\"},{\"@type\":\"Organization\",\"@id\":\"https:\/\/palmenhaus.de\/#organization\",\"name\":\"SCHLOSSCAFE IM PALMENHAUS\",\"url\":\"https:\/\/palmenhaus.de\/\",\"logo\":{\"@type\":\"ImageObject\",\"inLanguage\":\"en-US\",\"@id\":\"https:\/\/palmenhaus.de\/#\/schema\/logo\/image\/\",\"url\":\"https:\/\/palmenhaus.de\/wp-content\/uploads\/2021\/10\/Zeichenfla\u0308che-3.png\",\"contentUrl\":\"https:\/\/palmenhaus.de\/wp-content\/uploads\/2021\/10\/Zeichenfla\u0308che-3.png\",\"width\":375,\"height\":311,\"caption\":\"SCHLOSSCAFE IM PALMENHAUS\"},\"image\":{\"@id\":\"https:\/\/palmenhaus.de\/#\/schema\/logo\/image\/\"},\"sameAs\":[\"https:\/\/www.facebook.com\/SchlosscafePalmenhaus\",\"https:\/\/www.instagram.com\/schlosscafeimpalmenhaus\/\",\"https:\/\/www.pinterest.de\/schlosscafeimpalmenhaus\/\"]}]}<\/script>\n<!-- \/ Yoast SEO plugin. -->","yoast_head_json":{"title":"The team in the Schlosscaf\u00e9 im Palmenhaus, Nymphenburg Palace","description":"The team and I cook with love for the guest, the food and the palm house. The team of Schlosscaf\u00e9 Palmenhaus is looking forward to your visit.","robots":{"index":"index","follow":"follow","max-snippet":"max-snippet:-1","max-image-preview":"max-image-preview:large","max-video-preview":"max-video-preview:-1"},"canonical":"https:\/\/palmenhaus.de\/team\/","og_locale":"en_US","og_type":"article","og_title":"The team in the Schlosscaf\u00e9 im Palmenhaus, Nymphenburg Palace","og_description":"The team and I cook with love for the guest, the food and the palm house. The team of Schlosscaf\u00e9 Palmenhaus is looking forward to your visit.","og_url":"https:\/\/palmenhaus.de\/team\/","og_site_name":"Palmenhaus","article_publisher":"https:\/\/www.facebook.com\/SchlosscafePalmenhaus","article_modified_time":"2022-02-23T12:32:28+00:00","og_image":[{"url":"https:\/\/palmenhaus.de\/wp-content\/uploads\/2017\/08\/arbeitsweg_Schlosscafe-300x111.jpg","type":"","width":"","height":""}],"twitter_card":"summary_large_image","twitter_misc":{"Est. reading time":"4 minutes"},"schema":{"@context":"https:\/\/schema.org","@graph":[{"@type":"WebPage","@id":"https:\/\/palmenhaus.de\/team\/","url":"https:\/\/palmenhaus.de\/team\/","name":"The team in the Schlosscaf\u00e9 im Palmenhaus, Nymphenburg Palace","isPartOf":{"@id":"https:\/\/palmenhaus.de\/#website"},"primaryImageOfPage":{"@id":"https:\/\/palmenhaus.de\/team\/#primaryimage"},"image":{"@id":"https:\/\/palmenhaus.de\/team\/#primaryimage"},"thumbnailUrl":"https:\/\/palmenhaus.de\/wp-content\/uploads\/2017\/08\/arbeitsweg_Schlosscafe-300x111.jpg","datePublished":"2014-04-23T10:34:55+00:00","dateModified":"2022-02-23T12:32:28+00:00","description":"The team and I cook with love for the guest, the food and the palm house. The team of Schlosscaf\u00e9 Palmenhaus is looking forward to your visit.","breadcrumb":{"@id":"https:\/\/palmenhaus.de\/team\/#breadcrumb"},"inLanguage":"en-US","potentialAction":[{"@type":"ReadAction","target":["https:\/\/palmenhaus.de\/team\/"]}]},{"@type":"ImageObject","inLanguage":"en-US","@id":"https:\/\/palmenhaus.de\/team\/#primaryimage","url":"https:\/\/palmenhaus.de\/wp-content\/uploads\/2017\/08\/arbeitsweg_Schlosscafe-300x111.jpg","contentUrl":"https:\/\/palmenhaus.de\/wp-content\/uploads\/2017\/08\/arbeitsweg_Schlosscafe-300x111.jpg"},{"@type":"BreadcrumbList","@id":"https:\/\/palmenhaus.de\/team\/#breadcrumb","itemListElement":[{"@type":"ListItem","position":1,"name":"Startseite","item":"https:\/\/palmenhaus.de\/en\/"},{"@type":"ListItem","position":2,"name":"Team"}]},{"@type":"WebSite","@id":"https:\/\/palmenhaus.de\/#website","url":"https:\/\/palmenhaus.de\/","name":"SCHLOSSCAFE IM PALMENHAUS","description":"","publisher":{"@id":"https:\/\/palmenhaus.de\/#organization"},"potentialAction":[{"@type":"SearchAction","target":{"@type":"EntryPoint","urlTemplate":"https:\/\/palmenhaus.de\/?s={search_term_string}"},"query-input":{"@type":"PropertyValueSpecification","valueRequired":true,"valueName":"search_term_string"}}],"inLanguage":"en-US"},{"@type":"Organization","@id":"https:\/\/palmenhaus.de\/#organization","name":"SCHLOSSCAFE IM PALMENHAUS","url":"https:\/\/palmenhaus.de\/","logo":{"@type":"ImageObject","inLanguage":"en-US","@id":"https:\/\/palmenhaus.de\/#\/schema\/logo\/image\/","url":"https:\/\/palmenhaus.de\/wp-content\/uploads\/2021\/10\/Zeichenfla\u0308che-3.png","contentUrl":"https:\/\/palmenhaus.de\/wp-content\/uploads\/2021\/10\/Zeichenfla\u0308che-3.png","width":375,"height":311,"caption":"SCHLOSSCAFE IM PALMENHAUS"},"image":{"@id":"https:\/\/palmenhaus.de\/#\/schema\/logo\/image\/"},"sameAs":["https:\/\/www.facebook.com\/SchlosscafePalmenhaus","https:\/\/www.instagram.com\/schlosscafeimpalmenhaus\/","https:\/\/www.pinterest.de\/schlosscafeimpalmenhaus\/"]}]}},"_links":{"self":[{"href":"https:\/\/palmenhaus.de\/en\/wp-json\/wp\/v2\/pages\/13866","targetHints":{"allow":["GET"]}}],"collection":[{"href":"https:\/\/palmenhaus.de\/en\/wp-json\/wp\/v2\/pages"}],"about":[{"href":"https:\/\/palmenhaus.de\/en\/wp-json\/wp\/v2\/types\/page"}],"author":[{"embeddable":true,"href":"https:\/\/palmenhaus.de\/en\/wp-json\/wp\/v2\/users\/1"}],"replies":[{"embeddable":true,"href":"https:\/\/palmenhaus.de\/en\/wp-json\/wp\/v2\/comments?post=13866"}],"version-history":[{"count":23,"href":"https:\/\/palmenhaus.de\/en\/wp-json\/wp\/v2\/pages\/13866\/revisions"}],"predecessor-version":[{"id":17274,"href":"https:\/\/palmenhaus.de\/en\/wp-json\/wp\/v2\/pages\/13866\/revisions\/17274"}],"wp:attachment":[{"href":"https:\/\/palmenhaus.de\/en\/wp-json\/wp\/v2\/media?parent=13866"}],"curies":[{"name":"wp","href":"https:\/\/api.w.org\/{rel}","templated":true}]}}